{"id":560,"date":"2025-10-10T21:13:35","date_gmt":"2025-10-10T19:13:35","guid":{"rendered":"https:\/\/dominikaklejszmit.pl\/?page_id=560"},"modified":"2025-10-11T12:57:31","modified_gmt":"2025-10-11T10:57:31","slug":"branze","status":"publish","type":"page","link":"https:\/\/dominikaklejszmit.pl\/?page_id=560","title":{"rendered":"Bran\u017ce"},"content":{"rendered":"\t\t<div data-elementor-type=\"wp-page\" data-elementor-id=\"560\" class=\"elementor elementor-560\" data-elementor-post-type=\"page\">\n\t\t\t\t<div class=\"elementor-element elementor-element-0aae5a4 e-flex e-con-boxed e-con e-parent\" data-id=\"0aae5a4\" data-element_type=\"container\">\n\t\t\t\t\t<div class=\"e-con-inner\">\n\t\t<div class=\"elementor-element elementor-element-5cc9ae8 e-con-full e-flex e-con e-child\" data-id=\"5cc9ae8\" data-element_type=\"container\">\n\t\t<div class=\"elementor-element elementor-element-0dc8411 e-con-full e-flex e-con e-child\" data-id=\"0dc8411\" data-element_type=\"container\">\n\t\t\t\t<div class=\"elementor-element elementor-element-8574f7a elementor-widget__width-initial elementor-widget elementor-widget-heading\" data-id=\"8574f7a\" data-element_type=\"widget\" data-widget_type=\"heading.default\">\n\t\t\t\t\t<h2 class=\"elementor-heading-title elementor-size-default\">Bran\u017ce<\/h2>\t\t\t\t<\/div>\n\t\t\t\t<div class=\"elementor-element elementor-element-c7aeaa9 elementor-widget-divider--view-line elementor-widget elementor-widget-divider\" data-id=\"c7aeaa9\" data-element_type=\"widget\" data-widget_type=\"divider.default\">\n\t\t\t\t\t\t\t<div class=\"elementor-divider\">\n\t\t\t<span class=\"elementor-divider-separator\">\n\t\t\t\t\t\t<\/span>\n\t\t<\/div>\n\t\t\t\t\t\t<\/div>\n\t\t\t\t<\/div>\n\t\t\t\t<\/div>\n\t\t\t\t<div class=\"elementor-element elementor-element-0893dbe elementor-widget__width-initial elementor-widget elementor-widget-text-editor\" data-id=\"0893dbe\" data-element_type=\"widget\" data-widget_type=\"text-editor.default\">\n\t\t\t\t\t\t\t\t\t<p>Tworz\u0119 nowoczesne strony internetowe, sklepy online i identyfikacje wizualne dopasowane do specyfiki r\u00f3\u017cnych bran\u017c. Ka\u017cdy projekt opracowuj\u0119 indywidualnie, z my\u015bl\u0105 o potrzebach i celach Twojego biznesu \u2014 niezale\u017cnie, czy prowadzisz salon kosmetyczny, restauracj\u0119, czy gabinet fizjoterapii.Stawiam na estetyk\u0119, funkcjonalno\u015b\u0107 i rozwi\u0105zania, kt\u00f3re realnie pomagaj\u0105 pozyskiwa\u0107 klient\u00f3w, budowa\u0107 zaufanie i wyr\u00f3\u017cnia\u0107 si\u0119 na tle konkurencji.<\/p>\t\t\t\t\t\t\t\t<\/div>\n\t\t\t\t\t<\/div>\n\t\t\t\t<\/div>\n\t\t<div class=\"elementor-element elementor-element-d06d22f e-flex e-con-boxed e-con e-parent\" data-id=\"d06d22f\" data-element_type=\"container\" data-settings=\"{&quot;background_background&quot;:&quot;classic&quot;}\">\n\t\t\t\t\t<div class=\"e-con-inner\">\n\t\t\t\t\t<\/div>\n\t\t\t\t<\/div>\n\t\t<div class=\"elementor-element elementor-element-b6a6c77 e-con-full e-flex e-con e-parent\" data-id=\"b6a6c77\" data-element_type=\"container\">\n\t\t\t\t<div class=\"elementor-element elementor-element-3c95f45 elementor-widget elementor-widget-heading\" data-id=\"3c95f45\" data-element_type=\"widget\" data-widget_type=\"heading.default\">\n\t\t\t\t\t<h2 class=\"elementor-heading-title elementor-size-default\">Bran\u017ca Beauty &amp; Tattoo Premium<\/h2>\t\t\t\t<\/div>\n\t\t\t\t<div class=\"elementor-element elementor-element-5d92143 elementor-widget-divider--view-line elementor-widget elementor-widget-divider\" data-id=\"5d92143\" data-element_type=\"widget\" data-widget_type=\"divider.default\">\n\t\t\t\t\t\t\t<div class=\"elementor-divider\">\n\t\t\t<span class=\"elementor-divider-separator\">\n\t\t\t\t\t\t<\/span>\n\t\t<\/div>\n\t\t\t\t\t\t<\/div>\n\t\t\t\t<div class=\"elementor-element elementor-element-a935964 elementor-widget__width-initial elementor-widget elementor-widget-text-editor\" data-id=\"a935964\" data-element_type=\"widget\" data-widget_type=\"text-editor.default\">\n\t\t\t\t\t\t\t\t\t<p data-start=\"323\" data-end=\"677\">Tworz\u0119 strony internetowe, sklepy online i identyfikacj\u0119 wizualn\u0105 dla salon\u00f3w, kt\u00f3re chc\u0105 wyr\u00f3\u017cni\u0107 si\u0119 na tle konkurencji i budowa\u0107 wizerunek klasy premium. Wsp\u00f3\u0142pracuj\u0119 z miejscami, kt\u00f3re stawiaj\u0105 na estetyk\u0119, profesjonalizm i rozw\u00f3j \u2014 salonami kosmetycznymi, fryzjerskimi, barberskimi oraz studiami tatua\u017cu, kt\u00f3re inwestuj\u0105 w szkolenia i swoj\u0105 mark\u0119.<\/p><p data-start=\"679\" data-end=\"1127\">Ka\u017cdy projekt ma na celu pokazanie Twojego stylu i efekt\u00f3w pracy w wyj\u0105tkowy, nowoczesny spos\u00f3b. Strony, kt\u00f3re tworz\u0119, nie s\u0105 tylko wizyt\u00f3wk\u0105 \u2014 to pe\u0142ne narz\u0119dzie sprzeda\u017cy i komunikacji. Zawieraj\u0105 ofert\u0119, cennik, galeri\u0119 efekt\u00f3w, opinie klient\u00f3w oraz integracj\u0119 z Instagramem i mapk\u0105 Google. Dodatkowo wdra\u017cam systemy rezerwacji online (np. Booksy), szybki kontakt przez Messenger lub WhatsApp, a tak\u017ce modu\u0142 sprzeda\u017cy bon\u00f3w, kosmetyk\u00f3w i us\u0142ug.<\/p><p data-start=\"1129\" data-end=\"1370\">Dzi\u0119ki sp\u00f3jnemu projektowi, dopracowanemu logo i mo\u017cliwo\u015bci sprzeda\u017cy online, Twoja marka wyr\u00f3\u017cni si\u0119 jako <strong data-start=\"1236\" data-end=\"1276\">nowoczesny, ekskluzywny salon beauty<\/strong> \u2014 a klienci b\u0119d\u0105 mogli \u0142atwo Ci\u0119 znale\u017a\u0107, zarezerwowa\u0107 wizyt\u0119 i zakocha\u0107 si\u0119 w Twoim stylu.<\/p>\t\t\t\t\t\t\t\t<\/div>\n\t\t\t\t<div class=\"elementor-element elementor-element-cb6560b elementor-widget elementor-widget-text-editor\" data-id=\"cb6560b\" data-element_type=\"widget\" data-widget_type=\"text-editor.default\">\n\t\t\t\t\t\t\t\t\t<p data-start=\"1372\" data-end=\"1386\"><strong data-start=\"1375\" data-end=\"1383\">Ceny<\/strong>:<\/p><ul><li>Strona z ofert\u0105, cennikiem i galeri\u0105: <strong data-start=\"1427\" data-end=\"1442\">od 2 500 z\u0142<\/strong><\/li><li>Rozbudowana wersja z systemem rezerwacji i sklepem: <strong data-start=\"1499\" data-end=\"1514\">od 5 000 z\u0142<\/strong><\/li><\/ul>\t\t\t\t\t\t\t\t<\/div>\n\t\t\t\t<\/div>\n\t\t<div class=\"elementor-element elementor-element-54db867 e-con-full e-flex e-con e-parent\" data-id=\"54db867\" data-element_type=\"container\" data-settings=\"{&quot;background_background&quot;:&quot;classic&quot;}\">\n\t\t\t\t<\/div>\n\t\t<div class=\"elementor-element elementor-element-c6fdf9e e-con-full e-flex e-con e-parent\" data-id=\"c6fdf9e\" data-element_type=\"container\">\n\t\t\t\t<div class=\"elementor-element elementor-element-00bcad2 elementor-widget elementor-widget-heading\" data-id=\"00bcad2\" data-element_type=\"widget\" data-widget_type=\"heading.default\">\n\t\t\t\t\t<h2 class=\"elementor-heading-title elementor-size-default\">Bran\u017ca Gastronomiczna &amp; Catering<\/h2>\t\t\t\t<\/div>\n\t\t\t\t<div class=\"elementor-element elementor-element-4b99d1e elementor-widget-divider--view-line elementor-widget elementor-widget-divider\" data-id=\"4b99d1e\" data-element_type=\"widget\" data-widget_type=\"divider.default\">\n\t\t\t\t\t\t\t<div class=\"elementor-divider\">\n\t\t\t<span class=\"elementor-divider-separator\">\n\t\t\t\t\t\t<\/span>\n\t\t<\/div>\n\t\t\t\t\t\t<\/div>\n\t\t\t\t<div class=\"elementor-element elementor-element-674f7a9 elementor-widget__width-initial elementor-widget elementor-widget-text-editor\" data-id=\"674f7a9\" data-element_type=\"widget\" data-widget_type=\"text-editor.default\">\n\t\t\t\t\t\t\t\t\t<p data-start=\"180\" data-end=\"586\">Projektuj\u0119 strony internetowe i systemy online dla restauracji, kawiarni oraz firm cateringowych, kt\u00f3re chc\u0105 w nowoczesny spos\u00f3b zaprezentowa\u0107 swoj\u0105 ofert\u0119 i uniezale\u017cni\u0107 si\u0119 od po\u015brednik\u00f3w typu Pyszne.pl czy Glovo. Moim celem jest stworzenie przestrzeni, w kt\u00f3rej klienci mog\u0105 \u0142atwo znale\u017a\u0107 menu, obejrze\u0107 galeri\u0119 potraw, zarezerwowa\u0107 stolik lub zam\u00f3wi\u0107 catering \u2014 wszystko bezpo\u015brednio z Twojej strony.<\/p><p data-start=\"588\" data-end=\"910\">Ka\u017cda realizacja obejmuje przejrzyste menu, system rezerwacji online, sekcj\u0119 z godzinami otwarcia i zdj\u0119ciami potraw, a tak\u017ce mo\u017cliwo\u015b\u0107 sk\u0142adania zam\u00f3wie\u0144 i testowych catering\u00f3w. Wdra\u017cam r\u00f3wnie\u017c mapk\u0119 Google z wizyt\u00f3wk\u0105 \u201eGoogle Moja Firma\u201d oraz jej optymalizacj\u0119, by klienci mogli Ci\u0119 \u0142atwiej znale\u017a\u0107 i wystawia\u0107 opinie.<\/p><p data-start=\"912\" data-end=\"1156\">Moje projekty pomagaj\u0105 budowa\u0107 <strong data-start=\"943\" data-end=\"970\">profesjonalny wizerunek<\/strong>, u\u0142atwiaj\u0105 kontakt z klientami i znacz\u0105co zwi\u0119kszaj\u0105 zasi\u0119g lokalny. To tak\u017ce du\u017cy uk\u0142on w stron\u0119 os\u00f3b introwertycznych \u2014 dzi\u0119ki mo\u017cliwo\u015bci zam\u00f3wienia online bez konieczno\u015bci rozmowy.<\/p>\t\t\t\t\t\t\t\t<\/div>\n\t\t\t\t<div class=\"elementor-element elementor-element-0c46ca0 elementor-widget elementor-widget-text-editor\" data-id=\"0c46ca0\" data-element_type=\"widget\" data-widget_type=\"text-editor.default\">\n\t\t\t\t\t\t\t\t\t<p data-start=\"1158\" data-end=\"1172\"><strong data-start=\"1161\" data-end=\"1169\">Ceny<\/strong>:<\/p><ul><li data-start=\"1158\" data-end=\"1172\"><span style=\"font-style: inherit; font-weight: inherit;\">Strona z menu, galeri\u0105 i rezerwacjami: <\/span><strong style=\"font-style: inherit;\" data-start=\"1214\" data-end=\"1229\">od 2 000 z\u0142<\/strong><\/li><li data-start=\"1158\" data-end=\"1172\"><span style=\"font-size: 16px;\">Rozszerzony system z pe\u0142nym zamawianiem online i integracjami: <\/span><strong style=\"font-size: 16px;\" data-start=\"1297\" data-end=\"1320\">wycena indywidualna<\/strong><\/li><\/ul>\t\t\t\t\t\t\t\t<\/div>\n\t\t\t\t<\/div>\n\t\t<div class=\"elementor-element elementor-element-8f35fa8 e-con-full e-flex e-con e-parent\" data-id=\"8f35fa8\" data-element_type=\"container\" data-settings=\"{&quot;background_background&quot;:&quot;classic&quot;}\">\n\t\t\t\t<\/div>\n\t\t<div class=\"elementor-element elementor-element-f78a740 e-con-full e-flex e-con e-parent\" data-id=\"f78a740\" data-element_type=\"container\">\n\t\t\t\t<div class=\"elementor-element elementor-element-37aebfc elementor-widget elementor-widget-heading\" data-id=\"37aebfc\" data-element_type=\"widget\" data-widget_type=\"heading.default\">\n\t\t\t\t\t<h2 class=\"elementor-heading-title elementor-size-default\">Bran\u017ca Fizjoterapeutyczna, Dietetyczna i Wellness<\/h2>\t\t\t\t<\/div>\n\t\t\t\t<div class=\"elementor-element elementor-element-9734847 elementor-widget-divider--view-line elementor-widget elementor-widget-divider\" data-id=\"9734847\" data-element_type=\"widget\" data-widget_type=\"divider.default\">\n\t\t\t\t\t\t\t<div class=\"elementor-divider\">\n\t\t\t<span class=\"elementor-divider-separator\">\n\t\t\t\t\t\t<\/span>\n\t\t<\/div>\n\t\t\t\t\t\t<\/div>\n\t\t\t\t<div class=\"elementor-element elementor-element-0949988 elementor-widget__width-initial elementor-widget elementor-widget-text-editor\" data-id=\"0949988\" data-element_type=\"widget\" data-widget_type=\"text-editor.default\">\n\t\t\t\t\t\t\t\t\t<p data-start=\"223\" data-end=\"544\">Tworz\u0119 nowoczesne strony internetowe dla fizjoterapeut\u00f3w, masa\u017cyst\u00f3w i dietetyk\u00f3w, kt\u00f3re pomagaj\u0105 budowa\u0107 zaufanie, profesjonalny wizerunek i przyci\u0105ga\u0107 nowych klient\u00f3w. Dzi\u0119ki dopracowanej prezentacji us\u0142ug, opinii i cennika, Twoja praktyka zyska presti\u017c, a pacjenci \u2014 \u0142atwy dost\u0119p do wszystkich informacji i kontaktu.<\/p><p data-start=\"546\" data-end=\"963\">Ka\u017cda strona zawiera <strong data-start=\"567\" data-end=\"609\">mapk\u0119 Google z optymalizacj\u0105 wizyt\u00f3wki<\/strong>, dzi\u0119ki czemu Twoja dzia\u0142alno\u015b\u0107 staje si\u0119 lepiej widoczna lokalnie. Integruj\u0119 systemy rezerwacji (np. Booksy) lub wdra\u017cam w\u0142asne rozwi\u0105zanie umo\u017cliwiaj\u0105ce umawianie wizyt bezpo\u015brednio przez stron\u0119. Dodatkowo konfiguruj\u0119 <strong data-start=\"830\" data-end=\"848\">szybki kontakt<\/strong> \u2014 przycisk z numerem telefonu w rogu ekranu, Messenger lub WhatsApp, by u\u0142atwi\u0107 klientom natychmiastowy kontakt.<\/p><p data-start=\"965\" data-end=\"1139\">Moje strony nie tylko estetycznie prezentuj\u0105 ofert\u0119, ale realnie <strong data-start=\"1030\" data-end=\"1075\">pomagaj\u0105 w pozyskiwaniu klient\u00f3w z Google<\/strong> dzi\u0119ki pozycjonowanym zak\u0142adkom i zoptymalizowanej wizyt\u00f3wce.<\/p>\t\t\t\t\t\t\t\t<\/div>\n\t\t\t\t<div class=\"elementor-element elementor-element-2a372c3 elementor-widget elementor-widget-text-editor\" data-id=\"2a372c3\" data-element_type=\"widget\" data-widget_type=\"text-editor.default\">\n\t\t\t\t\t\t\t\t\t<p data-start=\"1141\" data-end=\"1155\"><strong data-start=\"1144\" data-end=\"1152\">Ceny<\/strong>:<\/p><ul data-start=\"1156\" data-end=\"1323\"><li data-start=\"1156\" data-end=\"1240\"><p data-start=\"1158\" data-end=\"1240\">Profesjonalna strona z mapk\u0105 Google i przekierowaniem do Booksy: <strong data-start=\"1223\" data-end=\"1238\">od 2 300 z\u0142<\/strong><\/p><\/li><li data-start=\"1241\" data-end=\"1323\"><p data-start=\"1243\" data-end=\"1323\">Wersja z w\u0142asnym systemem rezerwacji i dodatkowymi integracjami: <strong data-start=\"1308\" data-end=\"1323\">od 2 500 z\u0142<\/strong><\/p><\/li><\/ul>\t\t\t\t\t\t\t\t<\/div>\n\t\t\t\t<\/div>\n\t\t\t\t<\/div>\n\t\t","protected":false},"excerpt":{"rendered":"<p>Bran\u017ce Tworz\u0119 nowoczesne strony internetowe, sklepy online i identyfikacje wizualne dopasowane do specyfiki r\u00f3\u017cnych bran\u017c. Ka\u017cdy projekt opracowuj\u0119 indywidualnie, z [&hellip;]<\/p>\n","protected":false},"author":1,"featured_media":0,"parent":0,"menu_order":0,"comment_status":"closed","ping_status":"closed","template":"","meta":{"_eb_attr":"","site-sidebar-layout":"no-sidebar","site-content-layout":"","ast-site-content-layout":"full-width-container","site-content-style":"default","site-sidebar-style":"default","ast-global-header-display":"","ast-banner-title-visibility":"","ast-main-header-display":"","ast-hfb-above-header-display":"","ast-hfb-below-header-display":"","ast-hfb-mobile-header-display":"","site-post-title":"disabled","ast-breadcrumbs-content":"","ast-featured-img":"disabled","footer-sml-layout":"","theme-transparent-header-meta":"","adv-header-id-meta":"","stick-header-meta":"","header-above-stick-meta":"","header-main-stick-meta":"","header-below-stick-meta":"","astra-migrate-meta-layouts":"default","ast-page-background-enabled":"default","ast-page-background-meta":{"desktop":{"background-color":"var(--ast-global-color-5)","background-image":"","background-repeat":"repeat","background-position":"center center","background-size":"auto","background-attachment":"scroll","background-type":"","background-media":"","overlay-type":"","overlay-color":"","overlay-opacity":"","overlay-gradient":""},"tablet":{"background-color":"","background-image":"","background-repeat":"repeat","background-position":"center center","background-size":"auto","background-attachment":"scroll","background-type":"","background-media":"","overlay-type":"","overlay-color":"","overlay-opacity":"","overlay-gradient":""},"mobile":{"background-color":"","background-image":"","background-repeat":"repeat","background-position":"center center","background-size":"auto","background-attachment":"scroll","background-type":"","background-media":"","overlay-type":"","overlay-color":"","overlay-opacity":"","overlay-gradient":""}},"ast-content-background-meta":{"desktop":{"background-color":"var(--ast-global-color-4)","background-image":"","background-repeat":"repeat","background-position":"center center","background-size":"auto","background-attachment":"scroll","background-type":"","background-media":"","overlay-type":"","overlay-color":"","overlay-opacity":"","overlay-gradient":""},"tablet":{"background-color":"var(--ast-global-color-4)","background-image":"","background-repeat":"repeat","background-position":"center center","background-size":"auto","background-attachment":"scroll","background-type":"","background-media":"","overlay-type":"","overlay-color":"","overlay-opacity":"","overlay-gradient":""},"mobile":{"background-color":"var(--ast-global-color-4)","background-image":"","background-repeat":"repeat","background-position":"center center","background-size":"auto","background-attachment":"scroll","background-type":"","background-media":"","overlay-type":"","overlay-color":"","overlay-opacity":"","overlay-gradient":""}},"footnotes":""},"class_list":["post-560","page","type-page","status-publish","hentry"],"_links":{"self":[{"href":"https:\/\/dominikaklejszmit.pl\/index.php?rest_route=\/wp\/v2\/pages\/560","targetHints":{"allow":["GET"]}}],"collection":[{"href":"https:\/\/dominikaklejszmit.pl\/index.php?rest_route=\/wp\/v2\/pages"}],"about":[{"href":"https:\/\/dominikaklejszmit.pl\/index.php?rest_route=\/wp\/v2\/types\/page"}],"author":[{"embeddable":true,"href":"https:\/\/dominikaklejszmit.pl\/index.php?rest_route=\/wp\/v2\/users\/1"}],"replies":[{"embeddable":true,"href":"https:\/\/dominikaklejszmit.pl\/index.php?rest_route=%2Fwp%2Fv2%2Fcomments&post=560"}],"version-history":[{"count":16,"href":"https:\/\/dominikaklejszmit.pl\/index.php?rest_route=\/wp\/v2\/pages\/560\/revisions"}],"predecessor-version":[{"id":610,"href":"https:\/\/dominikaklejszmit.pl\/index.php?rest_route=\/wp\/v2\/pages\/560\/revisions\/610"}],"wp:attachment":[{"href":"https:\/\/dominikaklejszmit.pl\/index.php?rest_route=%2Fwp%2Fv2%2Fmedia&parent=560"}],"curies":[{"name":"wp","href":"https:\/\/api.w.org\/{rel}","templated":true}]}}