{"id":396,"date":"2025-09-05T22:58:49","date_gmt":"2025-09-05T20:58:49","guid":{"rendered":"https:\/\/dominikaklejszmit.pl\/?page_id=396"},"modified":"2025-10-11T13:07:07","modified_gmt":"2025-10-11T11:07:07","slug":"portfolio","status":"publish","type":"page","link":"https:\/\/dominikaklejszmit.pl\/?page_id=396","title":{"rendered":"Portfolio"},"content":{"rendered":"\t\t<div data-elementor-type=\"wp-page\" data-elementor-id=\"396\" class=\"elementor elementor-396\" data-elementor-post-type=\"page\">\n\t\t\t\t<div class=\"elementor-element elementor-element-df178ad e-con-full e-flex e-con e-parent\" data-id=\"df178ad\" data-element_type=\"container\">\n\t\t\t\t<div class=\"elementor-element elementor-element-74904f3 elementor-widget elementor-widget-heading\" data-id=\"74904f3\" data-element_type=\"widget\" data-widget_type=\"heading.default\">\n\t\t\t\t\t<h2 class=\"elementor-heading-title elementor-size-default\">Portfolio<\/h2>\t\t\t\t<\/div>\n\t\t\t\t<div class=\"elementor-element elementor-element-38cb2da elementor-widget elementor-widget-heading\" data-id=\"38cb2da\" data-element_type=\"widget\" data-widget_type=\"heading.default\">\n\t\t\t\t\t<h2 class=\"elementor-heading-title elementor-size-default\">Strony, kt\u00f3re stworzy\u0142am<\/h2>\t\t\t\t<\/div>\n\t\t\t\t<div class=\"elementor-element elementor-element-6f4eb7f elementor-widget-divider--view-line elementor-widget elementor-widget-divider\" data-id=\"6f4eb7f\" data-element_type=\"widget\" data-widget_type=\"divider.default\">\n\t\t\t\t\t\t\t<div class=\"elementor-divider\">\n\t\t\t<span class=\"elementor-divider-separator\">\n\t\t\t\t\t\t<\/span>\n\t\t<\/div>\n\t\t\t\t\t\t<\/div>\n\t\t\t\t<div class=\"elementor-element elementor-element-090f3be elementor-widget elementor-widget-text-editor\" data-id=\"090f3be\" data-element_type=\"widget\" data-widget_type=\"text-editor.default\">\n\t\t\t\t\t\t\t\t\t<p>Ka\u017cdy projekt tworz\u0119 z my\u015bl\u0105 o unikalnych potrzebach klienta i jego bran\u017cy. Poni\u017cej znajdziesz przyk\u0142ady stron internetowych, kt\u00f3re pomog\u0142y moim klientom wyr\u00f3\u017cni\u0107 si\u0119 w sieci i przyci\u0105gn\u0105\u0107 nowych odbiorc\u00f3w.<\/p>\t\t\t\t\t\t\t\t<\/div>\n\t\t\t\t<\/div>\n\t\t<div class=\"elementor-element elementor-element-0616ec7 e-con-full e-flex e-con e-parent\" data-id=\"0616ec7\" data-element_type=\"container\" data-settings=\"{&quot;background_background&quot;:&quot;classic&quot;}\">\n\t\t\t\t<\/div>\n\t\t<div class=\"elementor-element elementor-element-255731b e-flex e-con-boxed e-con e-parent\" data-id=\"255731b\" data-element_type=\"container\">\n\t\t\t\t\t<div class=\"e-con-inner\">\n\t\t<div class=\"elementor-element elementor-element-279fb1a e-con-full e-flex e-con e-child\" data-id=\"279fb1a\" data-element_type=\"container\">\n\t\t\t\t<div class=\"elementor-element elementor-element-0e6e7de elementor--h-position-center elementor--v-position-middle elementor-arrows-position-inside elementor-pagination-position-inside elementor-widget elementor-widget-slides\" data-id=\"0e6e7de\" data-element_type=\"widget\" data-settings=\"{&quot;navigation&quot;:&quot;both&quot;,&quot;autoplay&quot;:&quot;yes&quot;,&quot;pause_on_hover&quot;:&quot;yes&quot;,&quot;pause_on_interaction&quot;:&quot;yes&quot;,&quot;autoplay_speed&quot;:5000,&quot;infinite&quot;:&quot;yes&quot;,&quot;transition&quot;:&quot;slide&quot;,&quot;transition_speed&quot;:500}\" data-widget_type=\"slides.default\">\n\t\t\t\t\t\t\t\t\t\t<div class=\"elementor-slides-wrapper elementor-main-swiper swiper\" role=\"region\" aria-roledescription=\"carousel\" aria-label=\"Slides\" dir=\"ltr\" data-animation=\"fadeInLeft\">\n\t\t\t\t<div class=\"swiper-wrapper elementor-slides\">\n\t\t\t\t\t\t\t\t\t\t<div class=\"elementor-repeater-item-329dc56 swiper-slide\" role=\"group\" aria-roledescription=\"slide\"><div class=\"swiper-slide-bg\" role=\"img\"><\/div><a class=\"swiper-slide-inner\" href=\"https:\/\/indienawidelcu.dominikaklejszmit.pl\/\"><div class=\"swiper-slide-contents\"><\/div><\/a><\/div><div class=\"elementor-repeater-item-9bc5640 swiper-slide\" role=\"group\" aria-roledescription=\"slide\"><div class=\"swiper-slide-bg\" role=\"img\"><\/div><a class=\"swiper-slide-inner\" href=\"https:\/\/indienawidelcu.dominikaklejszmit.pl\/\"><div class=\"swiper-slide-contents\"><\/div><\/a><\/div><div class=\"elementor-repeater-item-0c7ef06 swiper-slide\" role=\"group\" aria-roledescription=\"slide\"><div class=\"swiper-slide-bg\" role=\"img\"><\/div><a class=\"swiper-slide-inner\" href=\"https:\/\/indienawidelcu.dominikaklejszmit.pl\/?page_id=59\"><div class=\"swiper-slide-contents\"><\/div><\/a><\/div>\t\t\t\t<\/div>\n\t\t\t\t\t\t\t\t\t\t\t\t\t\t\t<div class=\"elementor-swiper-button elementor-swiper-button-prev\" role=\"button\" tabindex=\"0\" aria-label=\"Previous slide\">\n\t\t\t\t\t\t\t<svg aria-hidden=\"true\" class=\"e-font-icon-svg e-eicon-chevron-left\" viewBox=\"0 0 1000 1000\" xmlns=\"http:\/\/www.w3.org\/2000\/svg\"><path d=\"M646 125C629 125 613 133 604 142L308 442C296 454 292 471 292 487 292 504 296 521 308 533L604 854C617 867 629 875 646 875 663 875 679 871 692 858 704 846 713 829 713 812 713 796 708 779 692 767L438 487 692 225C700 217 708 204 708 187 708 171 704 154 692 142 675 129 663 125 646 125Z\"><\/path><\/svg>\t\t\t\t\t\t<\/div>\n\t\t\t\t\t\t<div class=\"elementor-swiper-button elementor-swiper-button-next\" role=\"button\" tabindex=\"0\" aria-label=\"Next slide\">\n\t\t\t\t\t\t\t<svg aria-hidden=\"true\" class=\"e-font-icon-svg e-eicon-chevron-right\" viewBox=\"0 0 1000 1000\" xmlns=\"http:\/\/www.w3.org\/2000\/svg\"><path d=\"M696 533C708 521 713 504 713 487 713 471 708 454 696 446L400 146C388 133 375 125 354 125 338 125 325 129 313 142 300 154 292 171 292 187 292 204 296 221 308 233L563 492 304 771C292 783 288 800 288 817 288 833 296 850 308 863 321 871 338 875 354 875 371 875 388 867 400 854L696 533Z\"><\/path><\/svg>\t\t\t\t\t\t<\/div>\n\t\t\t\t\t\t\t\t\t\t\t\t\t\t\t\t<div class=\"swiper-pagination\"><\/div>\n\t\t\t\t\t\t\t\t\t\t\t\t<\/div>\n\t\t\t\t\t\t\t\t<\/div>\n\t\t\t\t<\/div>\n\t\t<div class=\"elementor-element elementor-element-9a7f44b e-con-full e-flex e-con e-child\" data-id=\"9a7f44b\" data-element_type=\"container\">\n\t\t\t\t<div class=\"elementor-element elementor-element-2739270 elementor-widget elementor-widget-text-editor\" data-id=\"2739270\" data-element_type=\"widget\" data-widget_type=\"text-editor.default\">\n\t\t\t\t\t\t\t\t\t<p><a href=\"https:\/\/indienawidelcu.dominikaklejszmit.pl\/\"><strong><em>Indie na widelcu<\/em><\/strong><\/a> to strona internetowa restauracji indyjskiej, stworzona z my\u015bl\u0105 o prostym i wygodnym korzystaniu przez klient\u00f3w. Projekt obejmuje prezentacj\u0119 menu, mo\u017cliwo\u015b\u0107 sk\u0142adania zam\u00f3wie\u0144 online oraz system rezerwacji stolik\u00f3w. Strona utrzymana jest w lekkiej, nowoczesnej stylistyce, z akcentami nawi\u0105zuj\u0105cymi do kultury Indii. Dzi\u0119ki intuicyjnej nawigacji i responsywnemu designowi dzia\u0142a sprawnie zar\u00f3wno na komputerach, jak i urz\u0105dzeniach mobilnych.<\/p>\t\t\t\t\t\t\t\t<\/div>\n\t\t\t\t<\/div>\n\t\t\t\t\t<\/div>\n\t\t\t\t<\/div>\n\t\t<div class=\"elementor-element elementor-element-76ebd0e e-flex e-con-boxed e-con e-parent\" data-id=\"76ebd0e\" data-element_type=\"container\">\n\t\t\t\t\t<div class=\"e-con-inner\">\n\t\t<div class=\"elementor-element elementor-element-6478a0c e-con-full e-flex e-con e-child\" data-id=\"6478a0c\" data-element_type=\"container\">\n\t\t\t\t<div class=\"elementor-element elementor-element-f41bca0 elementor-widget elementor-widget-text-editor\" data-id=\"f41bca0\" data-element_type=\"widget\" data-widget_type=\"text-editor.default\">\n\t\t\t\t\t\t\t\t\t<p><a href=\"http:\/\/fizjodlaciebie.dominikaklejszmit.pl\"><em><strong>Fizjo dla Ciebie<\/strong><\/em><\/a>\u00a0 to strona internetowa gabinetu fizjoterapii, zaprojektowana z my\u015bl\u0105 o przejrzystej prezentacji oferty i \u0142atwym kontakcie z pacjentami. Projekt obejmuje opis us\u0142ug, sylwetk\u0119 specjalisty oraz mo\u017cliwo\u015b\u0107 szybkiego um\u00f3wienia wizyty. Strona ma nowoczesny i minimalistyczny charakter, utrzymany w stonowanej kolorystyce buduj\u0105cej poczucie profesjonalizmu i zaufania. Dzi\u0119ki responsywnemu wykonaniu dzia\u0142a intuicyjnie zar\u00f3wno na komputerach, jak i urz\u0105dzeniach mobilnych.<\/p>\t\t\t\t\t\t\t\t<\/div>\n\t\t\t\t<\/div>\n\t\t<div class=\"elementor-element elementor-element-b8910d0 e-con-full e-flex e-con e-child\" data-id=\"b8910d0\" data-element_type=\"container\">\n\t\t\t\t<div class=\"elementor-element elementor-element-09ebdd8 elementor--h-position-center elementor--v-position-middle elementor-arrows-position-inside elementor-pagination-position-inside elementor-widget elementor-widget-slides\" data-id=\"09ebdd8\" data-element_type=\"widget\" data-settings=\"{&quot;navigation&quot;:&quot;both&quot;,&quot;autoplay&quot;:&quot;yes&quot;,&quot;pause_on_hover&quot;:&quot;yes&quot;,&quot;pause_on_interaction&quot;:&quot;yes&quot;,&quot;autoplay_speed&quot;:5000,&quot;infinite&quot;:&quot;yes&quot;,&quot;transition&quot;:&quot;slide&quot;,&quot;transition_speed&quot;:500}\" data-widget_type=\"slides.default\">\n\t\t\t\t\t\t\t\t\t\t<div class=\"elementor-slides-wrapper elementor-main-swiper swiper\" role=\"region\" aria-roledescription=\"carousel\" aria-label=\"Slides\" dir=\"ltr\" data-animation=\"fadeInLeft\">\n\t\t\t\t<div class=\"swiper-wrapper elementor-slides\">\n\t\t\t\t\t\t\t\t\t\t<div class=\"elementor-repeater-item-329dc56 swiper-slide\" role=\"group\" aria-roledescription=\"slide\"><div class=\"swiper-slide-bg\" role=\"img\"><\/div><a class=\"swiper-slide-inner\" href=\"https:\/\/indienawidelcu.dominikaklejszmit.pl\/\"><div class=\"swiper-slide-contents\"><\/div><\/a><\/div><div class=\"elementor-repeater-item-9bc5640 swiper-slide\" role=\"group\" aria-roledescription=\"slide\"><div class=\"swiper-slide-bg\" role=\"img\"><\/div><a class=\"swiper-slide-inner\" href=\"https:\/\/indienawidelcu.dominikaklejszmit.pl\/\"><div class=\"swiper-slide-contents\"><\/div><\/a><\/div><div class=\"elementor-repeater-item-0c7ef06 swiper-slide\" role=\"group\" aria-roledescription=\"slide\"><div class=\"swiper-slide-bg\" role=\"img\"><\/div><a class=\"swiper-slide-inner\" href=\"https:\/\/indienawidelcu.dominikaklejszmit.pl\/?page_id=59\"><div class=\"swiper-slide-contents\"><\/div><\/a><\/div>\t\t\t\t<\/div>\n\t\t\t\t\t\t\t\t\t\t\t\t\t\t\t<div class=\"elementor-swiper-button elementor-swiper-button-prev\" role=\"button\" tabindex=\"0\" aria-label=\"Previous slide\">\n\t\t\t\t\t\t\t<svg aria-hidden=\"true\" class=\"e-font-icon-svg e-eicon-chevron-left\" viewBox=\"0 0 1000 1000\" xmlns=\"http:\/\/www.w3.org\/2000\/svg\"><path d=\"M646 125C629 125 613 133 604 142L308 442C296 454 292 471 292 487 292 504 296 521 308 533L604 854C617 867 629 875 646 875 663 875 679 871 692 858 704 846 713 829 713 812 713 796 708 779 692 767L438 487 692 225C700 217 708 204 708 187 708 171 704 154 692 142 675 129 663 125 646 125Z\"><\/path><\/svg>\t\t\t\t\t\t<\/div>\n\t\t\t\t\t\t<div class=\"elementor-swiper-button elementor-swiper-button-next\" role=\"button\" tabindex=\"0\" aria-label=\"Next slide\">\n\t\t\t\t\t\t\t<svg aria-hidden=\"true\" class=\"e-font-icon-svg e-eicon-chevron-right\" viewBox=\"0 0 1000 1000\" xmlns=\"http:\/\/www.w3.org\/2000\/svg\"><path d=\"M696 533C708 521 713 504 713 487 713 471 708 454 696 446L400 146C388 133 375 125 354 125 338 125 325 129 313 142 300 154 292 171 292 187 292 204 296 221 308 233L563 492 304 771C292 783 288 800 288 817 288 833 296 850 308 863 321 871 338 875 354 875 371 875 388 867 400 854L696 533Z\"><\/path><\/svg>\t\t\t\t\t\t<\/div>\n\t\t\t\t\t\t\t\t\t\t\t\t\t\t\t\t<div class=\"swiper-pagination\"><\/div>\n\t\t\t\t\t\t\t\t\t\t\t\t<\/div>\n\t\t\t\t\t\t\t\t<\/div>\n\t\t\t\t<\/div>\n\t\t\t\t\t<\/div>\n\t\t\t\t<\/div>\n\t\t<div class=\"elementor-element elementor-element-afcfdf5 e-flex e-con-boxed e-con e-parent\" data-id=\"afcfdf5\" data-element_type=\"container\">\n\t\t\t\t\t<div class=\"e-con-inner\">\n\t\t<div class=\"elementor-element elementor-element-fa78f62 e-con-full e-flex e-con e-child\" data-id=\"fa78f62\" data-element_type=\"container\">\n\t\t\t\t<div class=\"elementor-element elementor-element-78c9bc5 elementor--h-position-center elementor--v-position-middle elementor-arrows-position-inside elementor-pagination-position-inside elementor-widget elementor-widget-slides\" data-id=\"78c9bc5\" data-element_type=\"widget\" data-settings=\"{&quot;navigation&quot;:&quot;both&quot;,&quot;autoplay&quot;:&quot;yes&quot;,&quot;pause_on_hover&quot;:&quot;yes&quot;,&quot;pause_on_interaction&quot;:&quot;yes&quot;,&quot;autoplay_speed&quot;:5000,&quot;infinite&quot;:&quot;yes&quot;,&quot;transition&quot;:&quot;slide&quot;,&quot;transition_speed&quot;:500}\" data-widget_type=\"slides.default\">\n\t\t\t\t\t\t\t\t\t\t<div class=\"elementor-slides-wrapper elementor-main-swiper swiper\" role=\"region\" aria-roledescription=\"carousel\" aria-label=\"Slides\" dir=\"ltr\" data-animation=\"fadeInLeft\">\n\t\t\t\t<div class=\"swiper-wrapper elementor-slides\">\n\t\t\t\t\t\t\t\t\t\t<div class=\"elementor-repeater-item-329dc56 swiper-slide\" role=\"group\" aria-roledescription=\"slide\"><div class=\"swiper-slide-bg\" role=\"img\"><\/div><a class=\"swiper-slide-inner\" href=\"https:\/\/indienawidelcu.dominikaklejszmit.pl\/\"><div class=\"swiper-slide-contents\"><\/div><\/a><\/div><div class=\"elementor-repeater-item-9bc5640 swiper-slide\" role=\"group\" aria-roledescription=\"slide\"><div class=\"swiper-slide-bg\" role=\"img\"><\/div><a class=\"swiper-slide-inner\" href=\"https:\/\/indienawidelcu.dominikaklejszmit.pl\/\"><div class=\"swiper-slide-contents\"><\/div><\/a><\/div><div class=\"elementor-repeater-item-0c7ef06 swiper-slide\" role=\"group\" aria-roledescription=\"slide\"><div class=\"swiper-slide-bg\" role=\"img\"><\/div><a class=\"swiper-slide-inner\" href=\"https:\/\/indienawidelcu.dominikaklejszmit.pl\/?page_id=59\"><div class=\"swiper-slide-contents\"><\/div><\/a><\/div>\t\t\t\t<\/div>\n\t\t\t\t\t\t\t\t\t\t\t\t\t\t\t<div class=\"elementor-swiper-button elementor-swiper-button-prev\" role=\"button\" tabindex=\"0\" aria-label=\"Previous slide\">\n\t\t\t\t\t\t\t<svg aria-hidden=\"true\" class=\"e-font-icon-svg e-eicon-chevron-left\" viewBox=\"0 0 1000 1000\" xmlns=\"http:\/\/www.w3.org\/2000\/svg\"><path d=\"M646 125C629 125 613 133 604 142L308 442C296 454 292 471 292 487 292 504 296 521 308 533L604 854C617 867 629 875 646 875 663 875 679 871 692 858 704 846 713 829 713 812 713 796 708 779 692 767L438 487 692 225C700 217 708 204 708 187 708 171 704 154 692 142 675 129 663 125 646 125Z\"><\/path><\/svg>\t\t\t\t\t\t<\/div>\n\t\t\t\t\t\t<div class=\"elementor-swiper-button elementor-swiper-button-next\" role=\"button\" tabindex=\"0\" aria-label=\"Next slide\">\n\t\t\t\t\t\t\t<svg aria-hidden=\"true\" class=\"e-font-icon-svg e-eicon-chevron-right\" viewBox=\"0 0 1000 1000\" xmlns=\"http:\/\/www.w3.org\/2000\/svg\"><path d=\"M696 533C708 521 713 504 713 487 713 471 708 454 696 446L400 146C388 133 375 125 354 125 338 125 325 129 313 142 300 154 292 171 292 187 292 204 296 221 308 233L563 492 304 771C292 783 288 800 288 817 288 833 296 850 308 863 321 871 338 875 354 875 371 875 388 867 400 854L696 533Z\"><\/path><\/svg>\t\t\t\t\t\t<\/div>\n\t\t\t\t\t\t\t\t\t\t\t\t\t\t\t\t<div class=\"swiper-pagination\"><\/div>\n\t\t\t\t\t\t\t\t\t\t\t\t<\/div>\n\t\t\t\t\t\t\t\t<\/div>\n\t\t\t\t<\/div>\n\t\t<div class=\"elementor-element elementor-element-f24700e e-con-full e-flex e-con e-child\" data-id=\"f24700e\" data-element_type=\"container\">\n\t\t\t\t<div class=\"elementor-element elementor-element-b193e57 elementor-widget elementor-widget-text-editor\" data-id=\"b193e57\" data-element_type=\"widget\" data-widget_type=\"text-editor.default\">\n\t\t\t\t\t\t\t\t\t<p><em><strong><a href=\"https:\/\/glowroom.dominikaklejszmit.pl\/\">GlowRoom<\/a><\/strong><\/em> to projekt strony internetowej salonu kosmetycznego, stworzony z my\u015bl\u0105 o atrakcyjnej prezentacji us\u0142ug i \u0142atwym kontakcie z klientkami. Strona obejmuje sekcje dotycz\u0105ce manicure, pedicure, zabieg\u00f3w kosmetycznych, promocji oraz bloga z aktualno\u015bciami i poradami. Zastosowano nowoczesny, responsywny design, kt\u00f3ry dzia\u0142a p\u0142ynnie na wszystkich urz\u0105dzeniach, a estetyczna i przyjazna oprawa wizualna podkre\u015bla profesjonalizm i wyj\u0105tkowy charakter salonu.<\/p>\t\t\t\t\t\t\t\t<\/div>\n\t\t\t\t<\/div>\n\t\t\t\t\t<\/div>\n\t\t\t\t<\/div>\n\t\t<div class=\"elementor-element elementor-element-ba0a5af e-con-full e-flex e-con e-parent\" data-id=\"ba0a5af\" data-element_type=\"container\">\n\t\t<div class=\"elementor-element elementor-element-d33379e e-con-full e-flex e-con e-child\" data-id=\"d33379e\" data-element_type=\"container\">\n\t\t\t\t<div class=\"elementor-element elementor-element-5c56493 elementor-widget elementor-widget-text-editor\" data-id=\"5c56493\" data-element_type=\"widget\" data-widget_type=\"text-editor.default\">\n\t\t\t\t\t\t\t\t\t<p>Projektuj\u0119 sp\u00f3jne i estetyczne posty na Instagramie, kt\u00f3re przyci\u0105gaj\u0105 uwag\u0119 i buduj\u0105 wizerunek Twojej marki. Ka\u017cdy post dopasowuj\u0119 do charakteru Twojej dzia\u0142alno\u015bci, dbaj\u0105c o kolorystyk\u0119, styl i komunikacj\u0119 wizualn\u0105. Dzi\u0119ki przemy\u015blanym projektom zwi\u0119kszysz zaanga\u017cowanie odbiorc\u00f3w i sprawisz, \u017ce Tw\u00f3j profil b\u0119dzie wygl\u0105da\u0142 profesjonalnie i nowocze\u015bnie.<\/p>\t\t\t\t\t\t\t\t<\/div>\n\t\t\t\t<\/div>\n\t\t<div class=\"elementor-element elementor-element-e6271b9 e-con-full e-flex e-con e-child\" data-id=\"e6271b9\" data-element_type=\"container\">\n\t\t\t\t<div class=\"elementor-element elementor-element-202de0a gallery-spacing-custom elementor-widget elementor-widget-image-gallery\" data-id=\"202de0a\" data-element_type=\"widget\" data-widget_type=\"image-gallery.default\">\n\t\t\t\t\t\t\t<div class=\"elementor-image-gallery\">\n\t\t\t<div id='gallery-1' class='gallery galleryid-396 gallery-columns-2 gallery-size-full'><figure class='gallery-item'>\n\t\t\t<div class='gallery-icon portrait'>\n\t\t\t\t<a data-elementor-open-lightbox=\"yes\" data-elementor-lightbox-slideshow=\"202de0a\" data-elementor-lightbox-title=\"1080x1080 (1)\" data-e-action-hash=\"#elementor-action%3Aaction%3Dlightbox%26settings%3DeyJpZCI6NTcxLCJ1cmwiOiJodHRwczpcL1wvZG9taW5pa2FrbGVqc3ptaXQucGxcL3dwLWNvbnRlbnRcL3VwbG9hZHNcLzIwMjVcLzEwXC8xMDgweDEwODAtMS0xLnBuZyIsInNsaWRlc2hvdyI6IjIwMmRlMGEifQ%3D%3D\" href='https:\/\/dominikaklejszmit.pl\/wp-content\/uploads\/2025\/10\/1080x1080-1-1.png'><img fetchpriority=\"high\" decoding=\"async\" width=\"1024\" height=\"1536\" src=\"https:\/\/dominikaklejszmit.pl\/wp-content\/uploads\/2025\/10\/1080x1080-1-1.png\" class=\"attachment-full size-full\" alt=\"\" srcset=\"https:\/\/dominikaklejszmit.pl\/wp-content\/uploads\/2025\/10\/1080x1080-1-1.png 1024w, https:\/\/dominikaklejszmit.pl\/wp-content\/uploads\/2025\/10\/1080x1080-1-1-200x300.png 200w, https:\/\/dominikaklejszmit.pl\/wp-content\/uploads\/2025\/10\/1080x1080-1-1-683x1024.png 683w, https:\/\/dominikaklejszmit.pl\/wp-content\/uploads\/2025\/10\/1080x1080-1-1-768x1152.png 768w, https:\/\/dominikaklejszmit.pl\/wp-content\/uploads\/2025\/10\/1080x1080-1-1-600x900.png 600w, https:\/\/dominikaklejszmit.pl\/wp-content\/uploads\/2025\/10\/1080x1080-1-1-64x96.png 64w\" sizes=\"(max-width: 1024px) 100vw, 1024px\" \/><\/a>\n\t\t\t<\/div><\/figure><figure class='gallery-item'>\n\t\t\t<div class='gallery-icon portrait'>\n\t\t\t\t<a data-elementor-open-lightbox=\"yes\" data-elementor-lightbox-slideshow=\"202de0a\" data-elementor-lightbox-title=\"1080x1080\" data-e-action-hash=\"#elementor-action%3Aaction%3Dlightbox%26settings%3DeyJpZCI6NTcyLCJ1cmwiOiJodHRwczpcL1wvZG9taW5pa2FrbGVqc3ptaXQucGxcL3dwLWNvbnRlbnRcL3VwbG9hZHNcLzIwMjVcLzEwXC8xMDgweDEwODAtMi5wbmciLCJzbGlkZXNob3ciOiIyMDJkZTBhIn0%3D\" href='https:\/\/dominikaklejszmit.pl\/wp-content\/uploads\/2025\/10\/1080x1080-2.png'><img decoding=\"async\" width=\"1024\" height=\"1536\" src=\"https:\/\/dominikaklejszmit.pl\/wp-content\/uploads\/2025\/10\/1080x1080-2.png\" class=\"attachment-full size-full\" alt=\"\" srcset=\"https:\/\/dominikaklejszmit.pl\/wp-content\/uploads\/2025\/10\/1080x1080-2.png 1024w, https:\/\/dominikaklejszmit.pl\/wp-content\/uploads\/2025\/10\/1080x1080-2-200x300.png 200w, https:\/\/dominikaklejszmit.pl\/wp-content\/uploads\/2025\/10\/1080x1080-2-683x1024.png 683w, https:\/\/dominikaklejszmit.pl\/wp-content\/uploads\/2025\/10\/1080x1080-2-768x1152.png 768w, https:\/\/dominikaklejszmit.pl\/wp-content\/uploads\/2025\/10\/1080x1080-2-600x900.png 600w, https:\/\/dominikaklejszmit.pl\/wp-content\/uploads\/2025\/10\/1080x1080-2-64x96.png 64w\" sizes=\"(max-width: 1024px) 100vw, 1024px\" \/><\/a>\n\t\t\t<\/div><\/figure>\n\t\t<\/div>\n\t\t<\/div>\n\t\t\t\t\t\t<\/div>\n\t\t\t\t<\/div>\n\t\t\t\t<\/div>\n\t\t<div class=\"elementor-element elementor-element-498e0b2 e-con-full e-flex e-con e-parent\" data-id=\"498e0b2\" data-element_type=\"container\">\n\t\t<div class=\"elementor-element elementor-element-bea1afb e-con-full e-flex e-con e-child\" data-id=\"bea1afb\" data-element_type=\"container\">\n\t\t\t\t<div class=\"elementor-element elementor-element-d6df2c9 elementor-widget elementor-widget-image\" data-id=\"d6df2c9\" data-element_type=\"widget\" data-widget_type=\"image.default\">\n\t\t\t\t\t\t\t\t\t\t\t\t\t\t\t<img decoding=\"async\" width=\"300\" height=\"300\" src=\"https:\/\/dominikaklejszmit.pl\/wp-content\/uploads\/2025\/09\/Pink-Modern-Handwritten-Brand-Logo-1-\u2013-ze-zmianami-300x300.png\" class=\"attachment-medium size-medium wp-image-473\" alt=\"\" srcset=\"https:\/\/dominikaklejszmit.pl\/wp-content\/uploads\/2025\/09\/Pink-Modern-Handwritten-Brand-Logo-1-\u2013-ze-zmianami-300x300.png 300w, https:\/\/dominikaklejszmit.pl\/wp-content\/uploads\/2025\/09\/Pink-Modern-Handwritten-Brand-Logo-1-\u2013-ze-zmianami-150x150.png 150w, https:\/\/dominikaklejszmit.pl\/wp-content\/uploads\/2025\/09\/Pink-Modern-Handwritten-Brand-Logo-1-\u2013-ze-zmianami-100x100.png 100w, https:\/\/dominikaklejszmit.pl\/wp-content\/uploads\/2025\/09\/Pink-Modern-Handwritten-Brand-Logo-1-\u2013-ze-zmianami-200x200.png 200w, https:\/\/dominikaklejszmit.pl\/wp-content\/uploads\/2025\/09\/Pink-Modern-Handwritten-Brand-Logo-1-\u2013-ze-zmianami-400x400.png 400w, https:\/\/dominikaklejszmit.pl\/wp-content\/uploads\/2025\/09\/Pink-Modern-Handwritten-Brand-Logo-1-\u2013-ze-zmianami-64x64.png 64w, https:\/\/dominikaklejszmit.pl\/wp-content\/uploads\/2025\/09\/Pink-Modern-Handwritten-Brand-Logo-1-\u2013-ze-zmianami.png 500w\" sizes=\"(max-width: 300px) 100vw, 300px\" \/>\t\t\t\t\t\t\t\t\t\t\t\t\t\t\t<\/div>\n\t\t\t\t<\/div>\n\t\t<div class=\"elementor-element elementor-element-d026124 e-con-full e-flex e-con e-child\" data-id=\"d026124\" data-element_type=\"container\">\n\t\t\t\t<div class=\"elementor-element elementor-element-62fc73e elementor-widget elementor-widget-text-editor\" data-id=\"62fc73e\" data-element_type=\"widget\" data-widget_type=\"text-editor.default\">\n\t\t\t\t\t\t\t\t\t<p>Projektuj\u0119 unikalne i zapadaj\u0105ce w pami\u0119\u0107 logo, kt\u00f3re idealnie odzwierciedla charakter Twojej marki. Ka\u017cdy projekt tworz\u0119 indywidualnie, dbaj\u0105c o sp\u00f3jno\u015b\u0107 wizualn\u0105, estetyk\u0119 i symbolik\u0119. Dzi\u0119ki profesjonalnemu logo zbudujesz rozpoznawalno\u015b\u0107 swojej firmy i wyr\u00f3\u017cnisz si\u0119 na tle konkurencji.<\/p>\t\t\t\t\t\t\t\t<\/div>\n\t\t\t\t<\/div>\n\t\t\t\t<\/div>\n\t\t\t\t<\/div>\n\t\t","protected":false},"excerpt":{"rendered":"<p>Portfolio Strony, kt\u00f3re stworzy\u0142am Ka\u017cdy projekt tworz\u0119 z my\u015bl\u0105 o unikalnych potrzebach klienta i jego bran\u017cy. Poni\u017cej znajdziesz przyk\u0142ady stron [&hellip;]<\/p>\n","protected":false},"author":1,"featured_media":0,"parent":0,"menu_order":0,"comment_status":"closed","ping_status":"closed","template":"","meta":{"_eb_attr":"","site-sidebar-layout":"no-sidebar","site-content-layout":"","ast-site-content-layout":"full-width-container","site-content-style":"default","site-sidebar-style":"default","ast-global-header-display":"","ast-banner-title-visibility":"","ast-main-header-display":"","ast-hfb-above-header-display":"","ast-hfb-below-header-display":"","ast-hfb-mobile-header-display":"","site-post-title":"disabled","ast-breadcrumbs-content":"","ast-featured-img":"disabled","footer-sml-layout":"","theme-transparent-header-meta":"","adv-header-id-meta":"","stick-header-meta":"","header-above-stick-meta":"","header-main-stick-meta":"","header-below-stick-meta":"","astra-migrate-meta-layouts":"default","ast-page-background-enabled":"default","ast-page-background-meta":{"desktop":{"background-color":"var(--ast-global-color-5)","background-image":"","background-repeat":"repeat","background-position":"center center","background-size":"auto","background-attachment":"scroll","background-type":"","background-media":"","overlay-type":"","overlay-color":"","overlay-opacity":"","overlay-gradient":""},"tablet":{"background-color":"","background-image":"","background-repeat":"repeat","background-position":"center center","background-size":"auto","background-attachment":"scroll","background-type":"","background-media":"","overlay-type":"","overlay-color":"","overlay-opacity":"","overlay-gradient":""},"mobile":{"background-color":"","background-image":"","background-repeat":"repeat","background-position":"center center","background-size":"auto","background-attachment":"scroll","background-type":"","background-media":"","overlay-type":"","overlay-color":"","overlay-opacity":"","overlay-gradient":""}},"ast-content-background-meta":{"desktop":{"background-color":"var(--ast-global-color-4)","background-image":"","background-repeat":"repeat","background-position":"center center","background-size":"auto","background-attachment":"scroll","background-type":"","background-media":"","overlay-type":"","overlay-color":"","overlay-opacity":"","overlay-gradient":""},"tablet":{"background-color":"var(--ast-global-color-4)","background-image":"","background-repeat":"repeat","background-position":"center center","background-size":"auto","background-attachment":"scroll","background-type":"","background-media":"","overlay-type":"","overlay-color":"","overlay-opacity":"","overlay-gradient":""},"mobile":{"background-color":"var(--ast-global-color-4)","background-image":"","background-repeat":"repeat","background-position":"center center","background-size":"auto","background-attachment":"scroll","background-type":"","background-media":"","overlay-type":"","overlay-color":"","overlay-opacity":"","overlay-gradient":""}},"footnotes":""},"class_list":["post-396","page","type-page","status-publish","hentry"],"_links":{"self":[{"href":"https:\/\/dominikaklejszmit.pl\/index.php?rest_route=\/wp\/v2\/pages\/396","targetHints":{"allow":["GET"]}}],"collection":[{"href":"https:\/\/dominikaklejszmit.pl\/index.php?rest_route=\/wp\/v2\/pages"}],"about":[{"href":"https:\/\/dominikaklejszmit.pl\/index.php?rest_route=\/wp\/v2\/types\/page"}],"author":[{"embeddable":true,"href":"https:\/\/dominikaklejszmit.pl\/index.php?rest_route=\/wp\/v2\/users\/1"}],"replies":[{"embeddable":true,"href":"https:\/\/dominikaklejszmit.pl\/index.php?rest_route=%2Fwp%2Fv2%2Fcomments&post=396"}],"version-history":[{"count":31,"href":"https:\/\/dominikaklejszmit.pl\/index.php?rest_route=\/wp\/v2\/pages\/396\/revisions"}],"predecessor-version":[{"id":618,"href":"https:\/\/dominikaklejszmit.pl\/index.php?rest_route=\/wp\/v2\/pages\/396\/revisions\/618"}],"wp:attachment":[{"href":"https:\/\/dominikaklejszmit.pl\/index.php?rest_route=%2Fwp%2Fv2%2Fmedia&parent=396"}],"curies":[{"name":"wp","href":"https:\/\/api.w.org\/{rel}","templated":true}]}}