{"id":394,"date":"2025-09-05T22:57:38","date_gmt":"2025-09-05T20:57:38","guid":{"rendered":"https:\/\/dominikaklejszmit.pl\/?page_id=394"},"modified":"2025-10-11T13:03:11","modified_gmt":"2025-10-11T11:03:11","slug":"uslugi","status":"publish","type":"page","link":"https:\/\/dominikaklejszmit.pl\/?page_id=394","title":{"rendered":"Us\u0142ugi"},"content":{"rendered":"\t\t<div data-elementor-type=\"wp-page\" data-elementor-id=\"394\" class=\"elementor elementor-394\" data-elementor-post-type=\"page\">\n\t\t\t\t<div class=\"elementor-element elementor-element-413093e e-flex e-con-boxed e-con e-parent\" data-id=\"413093e\" data-element_type=\"container\">\n\t\t\t\t\t<div class=\"e-con-inner\">\n\t\t\t\t\t<\/div>\n\t\t\t\t<\/div>\n\t\t<div class=\"elementor-element elementor-element-d465e5b e-flex e-con-boxed e-con e-parent\" data-id=\"d465e5b\" data-element_type=\"container\">\n\t\t\t\t\t<div class=\"e-con-inner\">\n\t\t<div class=\"elementor-element elementor-element-668cdc6 e-con-full e-flex e-con e-child\" data-id=\"668cdc6\" data-element_type=\"container\" data-settings=\"{&quot;background_background&quot;:&quot;classic&quot;}\">\n\t\t\t\t<div class=\"elementor-element elementor-element-c0d6264 elementor-widget elementor-widget-heading\" data-id=\"c0d6264\" data-element_type=\"widget\" data-widget_type=\"heading.default\">\n\t\t\t\t\t<h2 class=\"elementor-heading-title elementor-size-default\">US\u0141UGI<\/h2>\t\t\t\t<\/div>\n\t\t\t\t<div class=\"elementor-element elementor-element-8202ba4 elementor-widget elementor-widget-heading\" data-id=\"8202ba4\" data-element_type=\"widget\" data-widget_type=\"heading.default\">\n\t\t\t\t\t<h2 class=\"elementor-heading-title elementor-size-default\">Moje us\u0142ugi<\/h2>\t\t\t\t<\/div>\n\t\t\t\t<div class=\"elementor-element elementor-element-ad389fd elementor-widget-divider--view-line elementor-widget elementor-widget-divider\" data-id=\"ad389fd\" data-element_type=\"widget\" data-widget_type=\"divider.default\">\n\t\t\t\t\t\t\t<div class=\"elementor-divider\">\n\t\t\t<span class=\"elementor-divider-separator\">\n\t\t\t\t\t\t<\/span>\n\t\t<\/div>\n\t\t\t\t\t\t<\/div>\n\t\t\t\t<div class=\"elementor-element elementor-element-1619187 elementor-widget elementor-widget-text-editor\" data-id=\"1619187\" data-element_type=\"widget\" data-widget_type=\"text-editor.default\">\n\t\t\t\t\t\t\t\t\t<p>Tworz\u0119 profesjonalne strony, sklepy internetowe, landing page i wizyt\u00f3wki dopasowane do Twoich potrzeb.<\/p>\t\t\t\t\t\t\t\t<\/div>\n\t\t\t\t<\/div>\n\t\t\t\t\t<\/div>\n\t\t\t\t<\/div>\n\t\t<div class=\"elementor-element elementor-element-780daf3 e-con-full e-flex e-con e-parent\" data-id=\"780daf3\" data-element_type=\"container\" data-settings=\"{&quot;background_background&quot;:&quot;classic&quot;}\">\n\t\t\t\t<\/div>\n\t\t<div class=\"elementor-element elementor-element-7a378a0 e-flex e-con-boxed e-con e-parent\" data-id=\"7a378a0\" data-element_type=\"container\">\n\t\t\t\t\t<div class=\"e-con-inner\">\n\t\t<div class=\"elementor-element elementor-element-87432d5 e-con-full e-flex e-con e-child\" data-id=\"87432d5\" data-element_type=\"container\">\n\t\t\t\t<div class=\"elementor-element elementor-element-29e0023 eael-infobox-content-align--center eael-infobox-shape-square eael-infobox-hover-img-shape-square elementor-widget elementor-widget-eael-info-box\" data-id=\"29e0023\" data-element_type=\"widget\" data-widget_type=\"eael-info-box.default\">\n\t\t\t\t\t        <div class=\"eael-infobox icon-on-top\">\n\t            <div class=\"infobox-icon\">\n\n                            <img decoding=\"async\" src=\"https:\/\/dominikaklejszmit.pl\/wp-content\/uploads\/2025\/10\/90760470-87d8-45df-85d7-7d9bf83a597e.png\" alt=\"\">\n            \n            \n            \n        <\/div>\n            <div class=\"infobox-content\">\n                    <div class=\"infobox-title-section\">\n                <h2 class=\"title\">Strony internetowe<\/h2>            <\/div>\n            <div><p>Tworz\u0119 nowoczesn\u0105, responsywn\u0105 stron\u0119 internetow\u0105, kt\u00f3ra w atrakcyjny spos\u00f3b prezentuje Twoj\u0105 mark\u0119 i przyci\u0105ga klient\u00f3w. Projektuj\u0119 j\u0105 indywidualnie, dbaj\u0105c o estetyk\u0119, funkcjonalno\u015b\u0107 oraz intuicyjn\u0105 nawigacj\u0119. Strona dzia\u0142a p\u0142ynnie na ka\u017cdym urz\u0105dzeniu i jest zoptymalizowana pod k\u0105tem SEO, dzi\u0119ki czemu staje si\u0119 nie tylko wizyt\u00f3wk\u0105, ale tak\u017ce skutecznym narz\u0119dziem rozwoju Twojego biznesu.<\/p><\/div>        <\/div>\n            <\/div>\n\n\t\t\t\t\t\t<\/div>\n\t\t\t\t<div class=\"elementor-element elementor-element-864e1e7 elementor-align-center elementor-mobile-align-center elementor-widget elementor-widget-button\" data-id=\"864e1e7\" data-element_type=\"widget\" data-widget_type=\"button.default\">\n\t\t\t\t\t\t\t\t\t\t<a class=\"elementor-button elementor-button-link elementor-size-sm\" href=\"https:\/\/dominikaklejszmit.pl\/?page_id=560\">\n\t\t\t\t\t\t<span class=\"elementor-button-content-wrapper\">\n\t\t\t\t\t\t\t\t\t<span class=\"elementor-button-text\">Zobacz bran\u017ce<\/span>\n\t\t\t\t\t<\/span>\n\t\t\t\t\t<\/a>\n\t\t\t\t\t\t\t\t<\/div>\n\t\t\t\t<div class=\"elementor-element elementor-element-4fa5c8b elementor-widget elementor-widget-text-editor\" data-id=\"4fa5c8b\" data-element_type=\"widget\" data-widget_type=\"text-editor.default\">\n\t\t\t\t\t\t\t\t\t<p>od 1500 z\u0142<\/p>\t\t\t\t\t\t\t\t<\/div>\n\t\t\t\t<\/div>\n\t\t<div class=\"elementor-element elementor-element-0f50f9f e-con-full e-flex e-con e-child\" data-id=\"0f50f9f\" data-element_type=\"container\">\n\t\t\t\t<div class=\"elementor-element elementor-element-dff0f32 eael-infobox-content-align--center eael-infobox-shape-square eael-infobox-hover-img-shape-square elementor-widget elementor-widget-eael-info-box\" data-id=\"dff0f32\" data-element_type=\"widget\" data-widget_type=\"eael-info-box.default\">\n\t\t\t\t\t        <div class=\"eael-infobox icon-on-top\">\n\t            <div class=\"infobox-icon\">\n\n                            <img decoding=\"async\" src=\"https:\/\/dominikaklejszmit.pl\/wp-content\/uploads\/2025\/10\/a23a5a0f-d884-4d66-b14e-7845b69325e1.png\" alt=\"\">\n            \n            \n            \n        <\/div>\n            <div class=\"infobox-content\">\n                    <div class=\"infobox-title-section\">\n                <h2 class=\"title\">Landing page<\/h2>            <\/div>\n            <div><p>Projektuj\u0119 skuteczny landing page, kt\u00f3ry przyci\u0105ga uwag\u0119 i zach\u0119ca do dzia\u0142ania. Strona jest przejrzysta, estetyczna i dostosowana do Twoich cel\u00f3w marketingowych \u2014 idealna do kampanii reklamowych, zapis\u00f3w lub sprzeda\u017cy konkretnego produktu. Dzi\u0119ki przemy\u015blanej strukturze i nowoczesnemu designowi Tw\u00f3j landing page zwi\u0119kszy konwersj\u0119 i pomo\u017ce osi\u0105gn\u0105\u0107 realne wyniki.<\/p><\/div>        <\/div>\n            <\/div>\n\n\t\t\t\t\t\t<\/div>\n\t\t\t\t<div class=\"elementor-element elementor-element-46d83a7 elementor-align-center elementor-mobile-align-center elementor-widget elementor-widget-button\" data-id=\"46d83a7\" data-element_type=\"widget\" data-widget_type=\"button.default\">\n\t\t\t\t\t\t\t\t\t\t<a class=\"elementor-button elementor-button-link elementor-size-sm\" href=\"https:\/\/dominikaklejszmit.pl\/?page_id=560\">\n\t\t\t\t\t\t<span class=\"elementor-button-content-wrapper\">\n\t\t\t\t\t\t\t\t\t<span class=\"elementor-button-text\">Zobacz bran\u017ce<\/span>\n\t\t\t\t\t<\/span>\n\t\t\t\t\t<\/a>\n\t\t\t\t\t\t\t\t<\/div>\n\t\t\t\t<div class=\"elementor-element elementor-element-d4b6d17 elementor-widget elementor-widget-text-editor\" data-id=\"d4b6d17\" data-element_type=\"widget\" data-widget_type=\"text-editor.default\">\n\t\t\t\t\t\t\t\t\t<p>od 1000 z\u0142<\/p>\t\t\t\t\t\t\t\t<\/div>\n\t\t\t\t<\/div>\n\t\t<div class=\"elementor-element elementor-element-a2af2ea e-con-full e-flex e-con e-child\" data-id=\"a2af2ea\" data-element_type=\"container\">\n\t\t\t\t<div class=\"elementor-element elementor-element-5f22f3a eael-infobox-content-align--center eael-infobox-shape-square eael-infobox-hover-img-shape-square elementor-widget elementor-widget-eael-info-box\" data-id=\"5f22f3a\" data-element_type=\"widget\" data-widget_type=\"eael-info-box.default\">\n\t\t\t\t\t        <div class=\"eael-infobox icon-on-top\">\n\t            <div class=\"infobox-icon\">\n\n                            <img decoding=\"async\" src=\"https:\/\/dominikaklejszmit.pl\/wp-content\/uploads\/2025\/10\/bed0a5fd-19da-41cd-8b47-6453aa9edc81-1.png\" alt=\"\">\n            \n            \n            \n        <\/div>\n            <div class=\"infobox-content\">\n                    <div class=\"infobox-title-section\">\n                <h2 class=\"title\">Wizyt\u00f3wki<\/h2>            <\/div>\n            <div><p>Tworz\u0119 eleganck\u0105 i czyteln\u0105 wizyt\u00f3wk\u0119, kt\u00f3ra w prosty spos\u00f3b podkre\u015bla charakter Twojej marki. Ka\u017cdy projekt opracowuj\u0119 indywidualnie, dbaj\u0105c o estetyk\u0119, sp\u00f3jno\u015b\u0107 kolorystyczn\u0105 i profesjonalny uk\u0142ad. Dzi\u0119ki niej zrobisz doskona\u0142e pierwsze wra\u017cenie i zostaniesz zapami\u0119tany przez swoich klient\u00f3w.<\/p><\/div>        <\/div>\n            <\/div>\n\n\t\t\t\t\t\t<\/div>\n\t\t\t\t<div class=\"elementor-element elementor-element-b7f597f elementor-align-center elementor-mobile-align-center elementor-widget elementor-widget-button\" data-id=\"b7f597f\" data-element_type=\"widget\" data-widget_type=\"button.default\">\n\t\t\t\t\t\t\t\t\t\t<a class=\"elementor-button elementor-button-link elementor-size-sm\" href=\"https:\/\/dominikaklejszmit.pl\/?page_id=560\">\n\t\t\t\t\t\t<span class=\"elementor-button-content-wrapper\">\n\t\t\t\t\t\t\t\t\t<span class=\"elementor-button-text\">Zobacz bran\u017ce<\/span>\n\t\t\t\t\t<\/span>\n\t\t\t\t\t<\/a>\n\t\t\t\t\t\t\t\t<\/div>\n\t\t\t\t<div class=\"elementor-element elementor-element-408341b elementor-widget elementor-widget-text-editor\" data-id=\"408341b\" data-element_type=\"widget\" data-widget_type=\"text-editor.default\">\n\t\t\t\t\t\t\t\t\t<p>od 150 z\u0142<\/p>\t\t\t\t\t\t\t\t<\/div>\n\t\t\t\t<\/div>\n\t\t\t\t\t<\/div>\n\t\t\t\t<\/div>\n\t\t<div class=\"elementor-element elementor-element-4217814 e-flex e-con-boxed e-con e-parent\" data-id=\"4217814\" data-element_type=\"container\">\n\t\t\t\t\t<div class=\"e-con-inner\">\n\t\t<div class=\"elementor-element elementor-element-0faa18c e-con-full e-flex e-con e-child\" data-id=\"0faa18c\" data-element_type=\"container\">\n\t\t\t\t<div class=\"elementor-element elementor-element-7b91593 eael-infobox-content-align--center eael-infobox-shape-square eael-infobox-hover-img-shape-square elementor-widget elementor-widget-eael-info-box\" data-id=\"7b91593\" data-element_type=\"widget\" data-widget_type=\"eael-info-box.default\">\n\t\t\t\t\t        <div class=\"eael-infobox icon-on-top\">\n\t            <div class=\"infobox-icon\">\n\n                            <img decoding=\"async\" src=\"https:\/\/dominikaklejszmit.pl\/wp-content\/uploads\/2025\/10\/0e2739b6-c899-4a8b-9d66-b03af88f4733.png\" alt=\"\">\n            \n            \n            \n        <\/div>\n            <div class=\"infobox-content\">\n                    <div class=\"infobox-title-section\">\n                <h2 class=\"title\">Sklepy internetowe<\/h2>            <\/div>\n            <div><p>Projektuj\u0119 nowoczesny i funkcjonalny sklep internetowy, kt\u00f3ry pozwala sprzedawa\u0107 skutecznie i bez ogranicze\u0144. Dbam o intuicyjn\u0105 obs\u0142ug\u0119, atrakcyjny wygl\u0105d oraz bezpiecze\u0144stwo transakcji. Sklep dostosowuj\u0119 do Twoich potrzeb i bran\u017cy, by sta\u0142 si\u0119 wygodnym narz\u0119dziem sprzeda\u017cy i rozwoju Twojego biznesu online.<\/p><\/div>        <\/div>\n            <\/div>\n\n\t\t\t\t\t\t<\/div>\n\t\t\t\t<div class=\"elementor-element elementor-element-e9ed670 elementor-align-center elementor-mobile-align-center elementor-widget elementor-widget-button\" data-id=\"e9ed670\" data-element_type=\"widget\" data-widget_type=\"button.default\">\n\t\t\t\t\t\t\t\t\t\t<a class=\"elementor-button elementor-button-link elementor-size-sm\" href=\"https:\/\/dominikaklejszmit.pl\/?page_id=560\">\n\t\t\t\t\t\t<span class=\"elementor-button-content-wrapper\">\n\t\t\t\t\t\t\t\t\t<span class=\"elementor-button-text\">Zobacz bran\u017ce<\/span>\n\t\t\t\t\t<\/span>\n\t\t\t\t\t<\/a>\n\t\t\t\t\t\t\t\t<\/div>\n\t\t\t\t<div class=\"elementor-element elementor-element-d470bb2 elementor-widget elementor-widget-text-editor\" data-id=\"d470bb2\" data-element_type=\"widget\" data-widget_type=\"text-editor.default\">\n\t\t\t\t\t\t\t\t\t<p>od 2000 z\u0142<\/p>\t\t\t\t\t\t\t\t<\/div>\n\t\t\t\t<\/div>\n\t\t<div class=\"elementor-element elementor-element-d3676ef e-con-full e-flex e-con e-child\" data-id=\"d3676ef\" data-element_type=\"container\">\n\t\t\t\t<div class=\"elementor-element elementor-element-58f204b eael-infobox-content-align--center eael-infobox-shape-square eael-infobox-hover-img-shape-square elementor-widget elementor-widget-eael-info-box\" data-id=\"58f204b\" data-element_type=\"widget\" data-widget_type=\"eael-info-box.default\">\n\t\t\t\t\t        <div class=\"eael-infobox icon-on-top\">\n\t            <div class=\"infobox-icon\">\n\n                            <img decoding=\"async\" src=\"https:\/\/dominikaklejszmit.pl\/wp-content\/uploads\/2025\/10\/5ac347a8-4b57-4ee8-85f7-db2109e64612.png\" alt=\"\">\n            \n            \n            \n        <\/div>\n            <div class=\"infobox-content\">\n                    <div class=\"infobox-title-section\">\n                <h2 class=\"title\">Loga<\/h2>            <\/div>\n            <div><p>Projektuj\u0119 unikalne logo, kt\u00f3re w prosty i zapami\u0119tywalny spos\u00f3b oddaje charakter Twojej marki. Ka\u017cdy projekt tworz\u0119 z dba\u0142o\u015bci\u0105 o estetyk\u0119, symbolik\u0119 i sp\u00f3jno\u015b\u0107 wizualn\u0105. Dzi\u0119ki profesjonalnemu logo wyr\u00f3\u017cnisz si\u0119 na tle konkurencji i zbudujesz siln\u0105 to\u017csamo\u015b\u0107 swojej firmy.<\/p><\/div>        <\/div>\n            <\/div>\n\n\t\t\t\t\t\t<\/div>\n\t\t\t\t<div class=\"elementor-element elementor-element-cd8fe28 elementor-align-center elementor-mobile-align-center elementor-widget elementor-widget-button\" data-id=\"cd8fe28\" data-element_type=\"widget\" data-widget_type=\"button.default\">\n\t\t\t\t\t\t\t\t\t\t<a class=\"elementor-button elementor-button-link elementor-size-sm\" href=\"https:\/\/dominikaklejszmit.pl\/?page_id=560\">\n\t\t\t\t\t\t<span class=\"elementor-button-content-wrapper\">\n\t\t\t\t\t\t\t\t\t<span class=\"elementor-button-text\">Zobacz bran\u017ce<\/span>\n\t\t\t\t\t<\/span>\n\t\t\t\t\t<\/a>\n\t\t\t\t\t\t\t\t<\/div>\n\t\t\t\t<div class=\"elementor-element elementor-element-fee058f elementor-widget elementor-widget-text-editor\" data-id=\"fee058f\" data-element_type=\"widget\" data-widget_type=\"text-editor.default\">\n\t\t\t\t\t\t\t\t\t<p>od 400 z\u0142<\/p>\t\t\t\t\t\t\t\t<\/div>\n\t\t\t\t<\/div>\n\t\t<div class=\"elementor-element elementor-element-b4ab639 e-con-full e-flex e-con e-child\" data-id=\"b4ab639\" data-element_type=\"container\">\n\t\t\t\t<div class=\"elementor-element elementor-element-909e471 eael-infobox-content-align--center eael-infobox-shape-square eael-infobox-hover-img-shape-square elementor-widget elementor-widget-eael-info-box\" data-id=\"909e471\" data-element_type=\"widget\" data-widget_type=\"eael-info-box.default\">\n\t\t\t\t\t        <div class=\"eael-infobox icon-on-top\">\n\t            <div class=\"infobox-icon\">\n\n                            <img decoding=\"async\" src=\"https:\/\/dominikaklejszmit.pl\/wp-content\/uploads\/2025\/10\/ffa89342-f387-4de4-a7b4-da943df2230d.png\" alt=\"\">\n            \n            \n            \n        <\/div>\n            <div class=\"infobox-content\">\n                    <div class=\"infobox-title-section\">\n                <h2 class=\"title\">Posty na Instagram<\/h2>            <\/div>\n            <div><p>Przygotowuj\u0119 sp\u00f3jne i estetyczne posty na Instagramie, kt\u00f3re przyci\u0105gaj\u0105 uwag\u0119 i buduj\u0105 wizerunek Twojej marki. Dbam o dopasowanie kolorystyki, stylu i tre\u015bci do Twojej identyfikacji wizualnej. Dzi\u0119ki przemy\u015blanej komunikacji zwi\u0119kszysz zaanga\u017cowanie odbiorc\u00f3w i zbudujesz profesjonalny profil w social media.<\/p><\/div>        <\/div>\n            <\/div>\n\n\t\t\t\t\t\t<\/div>\n\t\t\t\t<div class=\"elementor-element elementor-element-4074507 elementor-align-center elementor-mobile-align-center elementor-widget elementor-widget-button\" data-id=\"4074507\" data-element_type=\"widget\" data-widget_type=\"button.default\">\n\t\t\t\t\t\t\t\t\t\t<a class=\"elementor-button elementor-button-link elementor-size-sm\" href=\"https:\/\/dominikaklejszmit.pl\/?page_id=560\">\n\t\t\t\t\t\t<span class=\"elementor-button-content-wrapper\">\n\t\t\t\t\t\t\t\t\t<span class=\"elementor-button-text\">Zobacz bran\u017ce<\/span>\n\t\t\t\t\t<\/span>\n\t\t\t\t\t<\/a>\n\t\t\t\t\t\t\t\t<\/div>\n\t\t\t\t<div class=\"elementor-element elementor-element-8489c5d elementor-widget elementor-widget-text-editor\" data-id=\"8489c5d\" data-element_type=\"widget\" data-widget_type=\"text-editor.default\">\n\t\t\t\t\t\t\t\t\t<p>od 100 z\u0142<\/p>\t\t\t\t\t\t\t\t<\/div>\n\t\t\t\t<\/div>\n\t\t\t\t\t<\/div>\n\t\t\t\t<\/div>\n\t\t\t\t<\/div>\n\t\t","protected":false},"excerpt":{"rendered":"<p>US\u0141UGI Moje us\u0142ugi Tworz\u0119 profesjonalne strony, sklepy internetowe, landing page i wizyt\u00f3wki dopasowane do Twoich potrzeb. Strony internetowe Tworz\u0119 nowoczesn\u0105, [&hellip;]<\/p>\n","protected":false},"author":1,"featured_media":0,"parent":0,"menu_order":0,"comment_status":"closed","ping_status":"closed","template":"","meta":{"_eb_attr":"","site-sidebar-layout":"no-sidebar","site-content-layout":"","ast-site-content-layout":"full-width-container","site-content-style":"default","site-sidebar-style":"default","ast-global-header-display":"","ast-banner-title-visibility":"","ast-main-header-display":"","ast-hfb-above-header-display":"","ast-hfb-below-header-display":"","ast-hfb-mobile-header-display":"","site-post-title":"disabled","ast-breadcrumbs-content":"","ast-featured-img":"disabled","footer-sml-layout":"","theme-transparent-header-meta":"","adv-header-id-meta":"","stick-header-meta":"","header-above-stick-meta":"","header-main-stick-meta":"","header-below-stick-meta":"","astra-migrate-meta-layouts":"default","ast-page-background-enabled":"default","ast-page-background-meta":{"desktop":{"background-color":"var(--ast-global-color-5)","background-image":"","background-repeat":"repeat","background-position":"center center","background-size":"auto","background-attachment":"scroll","background-type":"","background-media":"","overlay-type":"","overlay-color":"","overlay-opacity":"","overlay-gradient":""},"tablet":{"background-color":"","background-image":"","background-repeat":"repeat","background-position":"center center","background-size":"auto","background-attachment":"scroll","background-type":"","background-media":"","overlay-type":"","overlay-color":"","overlay-opacity":"","overlay-gradient":""},"mobile":{"background-color":"","background-image":"","background-repeat":"repeat","background-position":"center center","background-size":"auto","background-attachment":"scroll","background-type":"","background-media":"","overlay-type":"","overlay-color":"","overlay-opacity":"","overlay-gradient":""}},"ast-content-background-meta":{"desktop":{"background-color":"var(--ast-global-color-4)","background-image":"","background-repeat":"repeat","background-position":"center center","background-size":"auto","background-attachment":"scroll","background-type":"","background-media":"","overlay-type":"","overlay-color":"","overlay-opacity":"","overlay-gradient":""},"tablet":{"background-color":"var(--ast-global-color-4)","background-image":"","background-repeat":"repeat","background-position":"center center","background-size":"auto","background-attachment":"scroll","background-type":"","background-media":"","overlay-type":"","overlay-color":"","overlay-opacity":"","overlay-gradient":""},"mobile":{"background-color":"var(--ast-global-color-4)","background-image":"","background-repeat":"repeat","background-position":"center center","background-size":"auto","background-attachment":"scroll","background-type":"","background-media":"","overlay-type":"","overlay-color":"","overlay-opacity":"","overlay-gradient":""}},"footnotes":""},"class_list":["post-394","page","type-page","status-publish","hentry"],"_links":{"self":[{"href":"https:\/\/dominikaklejszmit.pl\/index.php?rest_route=\/wp\/v2\/pages\/394","targetHints":{"allow":["GET"]}}],"collection":[{"href":"https:\/\/dominikaklejszmit.pl\/index.php?rest_route=\/wp\/v2\/pages"}],"about":[{"href":"https:\/\/dominikaklejszmit.pl\/index.php?rest_route=\/wp\/v2\/types\/page"}],"author":[{"embeddable":true,"href":"https:\/\/dominikaklejszmit.pl\/index.php?rest_route=\/wp\/v2\/users\/1"}],"replies":[{"embeddable":true,"href":"https:\/\/dominikaklejszmit.pl\/index.php?rest_route=%2Fwp%2Fv2%2Fcomments&post=394"}],"version-history":[{"count":34,"href":"https:\/\/dominikaklejszmit.pl\/index.php?rest_route=\/wp\/v2\/pages\/394\/revisions"}],"predecessor-version":[{"id":614,"href":"https:\/\/dominikaklejszmit.pl\/index.php?rest_route=\/wp\/v2\/pages\/394\/revisions\/614"}],"wp:attachment":[{"href":"https:\/\/dominikaklejszmit.pl\/index.php?rest_route=%2Fwp%2Fv2%2Fmedia&parent=394"}],"curies":[{"name":"wp","href":"https:\/\/api.w.org\/{rel}","templated":true}]}}