{"id":299,"date":"2025-09-02T19:17:37","date_gmt":"2025-09-02T17:17:37","guid":{"rendered":"https:\/\/dominikaklejszmit.pl\/?page_id=299"},"modified":"2025-10-16T22:07:06","modified_gmt":"2025-10-16T20:07:06","slug":"o-mnie","status":"publish","type":"page","link":"https:\/\/dominikaklejszmit.pl\/?page_id=299","title":{"rendered":"O mnie"},"content":{"rendered":"\t\t<div data-elementor-type=\"wp-page\" data-elementor-id=\"299\" class=\"elementor elementor-299\" data-elementor-post-type=\"page\">\n\t\t\t\t<div class=\"elementor-element elementor-element-ba0794f e-con-full e-flex e-con e-parent\" data-id=\"ba0794f\" data-element_type=\"container\" data-settings=\"{&quot;background_background&quot;:&quot;classic&quot;}\">\n\t\t\t\t<div class=\"elementor-element elementor-element-9047404 elementor-widget elementor-widget-heading\" data-id=\"9047404\" data-element_type=\"widget\" data-widget_type=\"heading.default\">\n\t\t\t\t\t<h2 class=\"elementor-heading-title elementor-size-default\">O mnie <\/h2>\t\t\t\t<\/div>\n\t\t\t\t<div class=\"elementor-element elementor-element-efed9dd elementor-widget elementor-widget-heading\" data-id=\"efed9dd\" data-element_type=\"widget\" data-widget_type=\"heading.default\">\n\t\t\t\t\t<h2 class=\"elementor-heading-title elementor-size-default\">POZNAJ MNIE LEPIEJ<\/h2>\t\t\t\t<\/div>\n\t\t\t\t<div class=\"elementor-element elementor-element-47e1e68 elementor-widget-divider--view-line elementor-widget elementor-widget-divider\" data-id=\"47e1e68\" data-element_type=\"widget\" data-widget_type=\"divider.default\">\n\t\t\t\t\t\t\t<div class=\"elementor-divider\">\n\t\t\t<span class=\"elementor-divider-separator\">\n\t\t\t\t\t\t<\/span>\n\t\t<\/div>\n\t\t\t\t\t\t<\/div>\n\t\t\t\t<div class=\"elementor-element elementor-element-6b1e473 elementor-widget elementor-widget-text-editor\" data-id=\"6b1e473\" data-element_type=\"widget\" data-widget_type=\"text-editor.default\">\n\t\t\t\t\t\t\t\t\t<p>Ch\u0119tnie wprowadz\u0119 Ci\u0119 w do mojego \u015bwiata. Jest mi niezmiernie mi\u0142o, \u017ce tu jeste\u015b i chcesz mnie lepiej pozna\u0107.<\/p>\t\t\t\t\t\t\t\t<\/div>\n\t\t\t\t<\/div>\n\t\t<div class=\"elementor-element elementor-element-be4c50c e-con-full e-flex e-con e-parent\" data-id=\"be4c50c\" data-element_type=\"container\" data-settings=\"{&quot;background_background&quot;:&quot;classic&quot;}\">\n\t\t\t\t<\/div>\n\t\t<div class=\"elementor-element elementor-element-26a5091 e-con-full e-flex e-con e-parent\" data-id=\"26a5091\" data-element_type=\"container\">\n\t\t<div class=\"elementor-element elementor-element-9b75f9c e-con-full e-flex e-con e-child\" data-id=\"9b75f9c\" data-element_type=\"container\">\n\t\t\t\t<div class=\"elementor-element elementor-element-00d23ba elementor-widget__width-initial elementor-widget elementor-widget-heading\" data-id=\"00d23ba\" data-element_type=\"widget\" data-widget_type=\"heading.default\">\n\t\t\t\t\t<h2 class=\"elementor-heading-title elementor-size-default\">Zawodowo... <\/h2>\t\t\t\t<\/div>\n\t\t\t\t<div class=\"elementor-element elementor-element-ee9b5e3 elementor-widget__width-initial elementor-widget-divider--view-line elementor-widget elementor-widget-divider\" data-id=\"ee9b5e3\" data-element_type=\"widget\" data-widget_type=\"divider.default\">\n\t\t\t\t\t\t\t<div class=\"elementor-divider\">\n\t\t\t<span class=\"elementor-divider-separator\">\n\t\t\t\t\t\t<\/span>\n\t\t<\/div>\n\t\t\t\t\t\t<\/div>\n\t\t\t\t<div class=\"elementor-element elementor-element-4828172 elementor-widget__width-initial elementor-widget elementor-widget-text-editor\" data-id=\"4828172\" data-element_type=\"widget\" data-widget_type=\"text-editor.default\">\n\t\t\t\t\t\t\t\t\t<p>Jestem fizjoterapeut\u0105, a moj\u0105 misj\u0105 jest pomaganie dzieciom z niepe\u0142nosprawno\u015bciami w odkrywaniu ich pe\u0142nego potencja\u0142u. <b>Od 2021 roku z pasj\u0105 i zaanga\u017cowaniem pracuj\u0119 z dzie\u0107mi z r\u00f3\u017cnymi niepe\u0142nosprawno\u015bciami,<\/b> a codzienna praca z nimi to dla mnie wi\u0119cej ni\u017c zaw\u00f3d \u2013 to spe\u0142nienie, kt\u00f3re daje ogromn\u0105 satysfakcj\u0119. Wierz\u0119, \u017ce ka\u017cdy ma\u0142y krok do przodu jest wielkim zwyci\u0119stwem.<\/p><p>W swojej pracy kieruj\u0119 si\u0119 trzema kluczowymi zasadami:<\/p><ul><li><b style=\"font-style: inherit;\">Empatia i cierpliwo\u015b\u0107:<\/b><span style=\"font-style: inherit; font-weight: inherit;\"> rozumiem unikalne potrzeby ka\u017cdego dziecka i jego rodziny.<\/span><\/li><li><p><b>Holistyczne podej\u015bcie:<\/b> skupiam si\u0119 nie tylko na terapii, ale te\u017c na budowaniu zaufania i pozytywnej relacji.<\/p><\/li><li><p><b>Indywidualny plan:<\/b> tworz\u0119 programy terapeutyczne, kt\u00f3re s\u0105 w pe\u0142ni dostosowane do konkretnego dziecka i jego cel\u00f3w.<\/p><\/li><\/ul>\t\t\t\t\t\t\t\t<\/div>\n\t\t\t\t<\/div>\n\t\t<div class=\"elementor-element elementor-element-52a0edd e-con-full e-flex e-con e-child\" data-id=\"52a0edd\" data-element_type=\"container\" data-settings=\"{&quot;background_background&quot;:&quot;classic&quot;}\">\n\t\t\t\t<\/div>\n\t\t\t\t<\/div>\n\t\t<div class=\"elementor-element elementor-element-9590c49 e-con-full e-flex e-con e-parent\" data-id=\"9590c49\" data-element_type=\"container\">\n\t\t<div class=\"elementor-element elementor-element-d24a3cb e-con-full e-flex e-con e-child\" data-id=\"d24a3cb\" data-element_type=\"container\" data-settings=\"{&quot;background_background&quot;:&quot;classic&quot;}\">\n\t\t\t\t<\/div>\n\t\t<div class=\"elementor-element elementor-element-974cd5a e-con-full e-flex e-con e-child\" data-id=\"974cd5a\" data-element_type=\"container\" data-settings=\"{&quot;background_background&quot;:&quot;classic&quot;}\">\n\t\t\t\t<\/div>\n\t\t<div class=\"elementor-element elementor-element-797bfe7 e-con-full e-flex e-con e-child\" data-id=\"797bfe7\" data-element_type=\"container\" data-settings=\"{&quot;background_background&quot;:&quot;classic&quot;}\">\n\t\t\t\t<\/div>\n\t\t<div class=\"elementor-element elementor-element-2e7a2f8 e-con-full e-flex e-con e-child\" data-id=\"2e7a2f8\" data-element_type=\"container\" data-settings=\"{&quot;background_background&quot;:&quot;classic&quot;}\">\n\t\t\t\t<\/div>\n\t\t\t\t<\/div>\n\t\t<div class=\"elementor-element elementor-element-0effbf8 e-con-full e-flex e-con e-parent\" data-id=\"0effbf8\" data-element_type=\"container\">\n\t\t<div class=\"elementor-element elementor-element-d986860 e-con-full e-flex e-con e-child\" data-id=\"d986860\" data-element_type=\"container\" data-settings=\"{&quot;background_background&quot;:&quot;classic&quot;}\">\n\t\t\t\t<\/div>\n\t\t<div class=\"elementor-element elementor-element-4d12873 e-con-full e-flex e-con e-child\" data-id=\"4d12873\" data-element_type=\"container\">\n\t\t\t\t<div class=\"elementor-element elementor-element-3f16cb6 elementor-widget elementor-widget-heading\" data-id=\"3f16cb6\" data-element_type=\"widget\" data-widget_type=\"heading.default\">\n\t\t\t\t\t<h2 class=\"elementor-heading-title elementor-size-default\">Prywatnie...<\/h2>\t\t\t\t<\/div>\n\t\t\t\t<div class=\"elementor-element elementor-element-b36d875 elementor-widget-divider--view-line elementor-widget elementor-widget-divider\" data-id=\"b36d875\" data-element_type=\"widget\" data-widget_type=\"divider.default\">\n\t\t\t\t\t\t\t<div class=\"elementor-divider\">\n\t\t\t<span class=\"elementor-divider-separator\">\n\t\t\t\t\t\t<\/span>\n\t\t<\/div>\n\t\t\t\t\t\t<\/div>\n\t\t\t\t<div class=\"elementor-element elementor-element-76be5a5 elementor-widget elementor-widget-text-editor\" data-id=\"76be5a5\" data-element_type=\"widget\" data-widget_type=\"text-editor.default\">\n\t\t\t\t\t\t\t\t\t<p data-start=\"235\" data-end=\"453\">Po godzinach pracy ceni\u0119 sobie spok\u00f3j i domow\u0105 atmosfer\u0119 \u2014 jestem typow\u0105 domatork\u0105. Lubi\u0119 gotowa\u0107 i odkrywa\u0107 nowe przepisy, a towarzyszy mi przy tym m\u00f3j kot, kt\u00f3ry zawsze wie, kiedy w kuchni dzieje si\u0119 co\u015b ciekawego.<\/p><p data-start=\"455\" data-end=\"722\">Jestem fank\u0105 siatk\u00f3wki \u2013 kibicuj\u0119 z pe\u0142nym zaanga\u017cowaniem, niezale\u017cnie od tego, czy mecz ogl\u0105dam na \u017cywo, czy w telewizji. W wolnych chwilach lubi\u0119 te\u017c wykleja\u0107 obrazy metod\u0105 <strong data-start=\"630\" data-end=\"650\">diamond painting<\/strong> \u2013 to dla mnie spos\u00f3b na relaks i odci\u0119cie si\u0119 od codziennego zgie\u0142ku.<\/p><p data-start=\"724\" data-end=\"862\">Cho\u0107 kocham domowy spok\u00f3j, r\u00f3wnie ch\u0119tnie ruszam w podr\u00f3\u017ce i na koncerty \u2013 to momenty, kt\u00f3re dodaj\u0105 mi energii i inspiruj\u0105 do dzia\u0142ania.<\/p>\t\t\t\t\t\t\t\t<\/div>\n\t\t\t\t<\/div>\n\t\t\t\t<\/div>\n\t\t<div class=\"elementor-element elementor-element-e2a83b3 e-con-full e-flex e-con e-parent\" data-id=\"e2a83b3\" data-element_type=\"container\">\n\t\t<div class=\"elementor-element elementor-element-818a270 e-con-full e-flex e-con e-child\" data-id=\"818a270\" data-element_type=\"container\" data-settings=\"{&quot;background_background&quot;:&quot;classic&quot;}\">\n\t\t\t\t<\/div>\n\t\t<div class=\"elementor-element elementor-element-6e51481 e-con-full e-flex e-con e-child\" data-id=\"6e51481\" data-element_type=\"container\" data-settings=\"{&quot;background_background&quot;:&quot;classic&quot;}\">\n\t\t\t\t<\/div>\n\t\t<div class=\"elementor-element elementor-element-c0443a5 e-con-full e-flex e-con e-child\" data-id=\"c0443a5\" data-element_type=\"container\" data-settings=\"{&quot;background_background&quot;:&quot;classic&quot;}\">\n\t\t\t\t<\/div>\n\t\t<div class=\"elementor-element elementor-element-ce133ac e-con-full e-flex e-con e-child\" data-id=\"ce133ac\" data-element_type=\"container\" data-settings=\"{&quot;background_background&quot;:&quot;classic&quot;}\">\n\t\t\t\t<\/div>\n\t\t\t\t<\/div>\n\t\t<div class=\"elementor-element elementor-element-31e0432 e-con-full e-flex e-con e-parent\" data-id=\"31e0432\" data-element_type=\"container\">\n\t\t\t\t<div class=\"elementor-element elementor-element-91e48e7 elementor-widget elementor-widget-heading\" data-id=\"91e48e7\" data-element_type=\"widget\" data-widget_type=\"heading.default\">\n\t\t\t\t\t<h2 class=\"elementor-heading-title elementor-size-default\">Cho\u0107 \u015bwiat fizjoterapii i projektowania stron mo\u017ce wydawa\u0107 si\u0119 odleg\u0142y, dla mnie s\u0105 one g\u0142\u0119boko powi\u0105zane. Moja praca z dzie\u0107mi nauczy\u0142a mnie cierpliwo\u015bci, empatii i umiej\u0119tno\u015bci dostrzegania indywidualnych potrzeb. Wiem, \u017ce ka\u017cdy ma\u0142y krok ma znaczenie i \u017ce sukces jest wynikiem skrupulatnej, spersonalizowanej pracy.<\/h2>\t\t\t\t<\/div>\n\t\t\t\t<div class=\"elementor-element elementor-element-b6c0b98 elementor-widget elementor-widget-text-editor\" data-id=\"b6c0b98\" data-element_type=\"widget\" data-widget_type=\"text-editor.default\">\n\t\t\t\t\t\t\t\t\t<p>T\u0119 sam\u0105 filozofi\u0119 przenosz\u0119 do \u015bwiata cyfrowego. Projektowanie stron to dla mnie nie tylko kod i estetyka \u2013 to <b>wyzwanie, by pom\u00f3c Ci rozwin\u0105\u0107 firm\u0119 w unikalny spos\u00f3b<\/b>. Tak jak w terapii, moim celem jest zbudowanie czego\u015b, co b\u0119dzie solidne, funkcjonalne i w pe\u0142ni dopasowane do Twoich cel\u00f3w. Kreatywno\u015b\u0107, kt\u00f3r\u0105 wyra\u017cam w hobby, teraz wykorzystuj\u0119, aby stworzy\u0107 dla Ciebie stron\u0119, kt\u00f3ra b\u0119dzie odzwierciedleniem Twojej pasji i profesjonalizmu.<\/p>\t\t\t\t\t\t\t\t<\/div>\n\t\t\t\t<\/div>\n\t\t\t\t<\/div>\n\t\t","protected":false},"excerpt":{"rendered":"<p>O mnie POZNAJ MNIE LEPIEJ Ch\u0119tnie wprowadz\u0119 Ci\u0119 w do mojego \u015bwiata. Jest mi niezmiernie mi\u0142o, \u017ce tu jeste\u015b i [&hellip;]<\/p>\n","protected":false},"author":1,"featured_media":0,"parent":0,"menu_order":0,"comment_status":"closed","ping_status":"closed","template":"","meta":{"_eb_attr":"","site-sidebar-layout":"no-sidebar","site-content-layout":"","ast-site-content-layout":"full-width-container","site-content-style":"default","site-sidebar-style":"default","ast-global-header-display":"","ast-banner-title-visibility":"","ast-main-header-display":"","ast-hfb-above-header-display":"","ast-hfb-below-header-display":"","ast-hfb-mobile-header-display":"","site-post-title":"disabled","ast-breadcrumbs-content":"","ast-featured-img":"disabled","footer-sml-layout":"","theme-transparent-header-meta":"","adv-header-id-meta":"","stick-header-meta":"","header-above-stick-meta":"","header-main-stick-meta":"","header-below-stick-meta":"","astra-migrate-meta-layouts":"default","ast-page-background-enabled":"default","ast-page-background-meta":{"desktop":{"background-color":"var(--ast-global-color-5)","background-image":"","background-repeat":"repeat","background-position":"center center","background-size":"auto","background-attachment":"scroll","background-type":"","background-media":"","overlay-type":"","overlay-color":"","overlay-opacity":"","overlay-gradient":""},"tablet":{"background-color":"","background-image":"","background-repeat":"repeat","background-position":"center center","background-size":"auto","background-attachment":"scroll","background-type":"","background-media":"","overlay-type":"","overlay-color":"","overlay-opacity":"","overlay-gradient":""},"mobile":{"background-color":"","background-image":"","background-repeat":"repeat","background-position":"center center","background-size":"auto","background-attachment":"scroll","background-type":"","background-media":"","overlay-type":"","overlay-color":"","overlay-opacity":"","overlay-gradient":""}},"ast-content-background-meta":{"desktop":{"background-color":"var(--ast-global-color-4)","background-image":"","background-repeat":"repeat","background-position":"center center","background-size":"auto","background-attachment":"scroll","background-type":"","background-media":"","overlay-type":"","overlay-color":"","overlay-opacity":"","overlay-gradient":""},"tablet":{"background-color":"var(--ast-global-color-4)","background-image":"","background-repeat":"repeat","background-position":"center center","background-size":"auto","background-attachment":"scroll","background-type":"","background-media":"","overlay-type":"","overlay-color":"","overlay-opacity":"","overlay-gradient":""},"mobile":{"background-color":"var(--ast-global-color-4)","background-image":"","background-repeat":"repeat","background-position":"center center","background-size":"auto","background-attachment":"scroll","background-type":"","background-media":"","overlay-type":"","overlay-color":"","overlay-opacity":"","overlay-gradient":""}},"footnotes":""},"class_list":["post-299","page","type-page","status-publish","hentry"],"_links":{"self":[{"href":"https:\/\/dominikaklejszmit.pl\/index.php?rest_route=\/wp\/v2\/pages\/299","targetHints":{"allow":["GET"]}}],"collection":[{"href":"https:\/\/dominikaklejszmit.pl\/index.php?rest_route=\/wp\/v2\/pages"}],"about":[{"href":"https:\/\/dominikaklejszmit.pl\/index.php?rest_route=\/wp\/v2\/types\/page"}],"author":[{"embeddable":true,"href":"https:\/\/dominikaklejszmit.pl\/index.php?rest_route=\/wp\/v2\/users\/1"}],"replies":[{"embeddable":true,"href":"https:\/\/dominikaklejszmit.pl\/index.php?rest_route=%2Fwp%2Fv2%2Fcomments&post=299"}],"version-history":[{"count":53,"href":"https:\/\/dominikaklejszmit.pl\/index.php?rest_route=\/wp\/v2\/pages\/299\/revisions"}],"predecessor-version":[{"id":637,"href":"https:\/\/dominikaklejszmit.pl\/index.php?rest_route=\/wp\/v2\/pages\/299\/revisions\/637"}],"wp:attachment":[{"href":"https:\/\/dominikaklejszmit.pl\/index.php?rest_route=%2Fwp%2Fv2%2Fmedia&parent=299"}],"curies":[{"name":"wp","href":"https:\/\/api.w.org\/{rel}","templated":true}]}}